{"id":6,"date":"2023-11-07T07:26:13","date_gmt":"2023-11-07T06:26:13","guid":{"rendered":"https:\/\/www.falkenair.com\/?page_id=6"},"modified":"2025-10-02T14:04:35","modified_gmt":"2025-10-02T12:04:35","slug":"impressum","status":"publish","type":"page","link":"https:\/\/www.falkenair.com\/ar\/imprint\/","title":{"rendered":"\u0628\u0635\u0645\u0629"},"content":{"rendered":"<div data-elementor-type=\"wp-page\" data-elementor-id=\"6\" class=\"elementor elementor-6\" data-elementor-post-type=\"page\">\n\t\t\t\t<div class=\"elementor-element elementor-element-69cde8c7 e-con-full e-flex e-con e-parent\" data-id=\"69cde8c7\" data-element_type=\"container\" data-settings=\"{&quot;background_background&quot;:&quot;classic&quot;}\">\n\t\t\t\t<div class=\"elementor-element elementor-element-6bb13a3d elementor-align-left elementor-widget elementor-widget-breadcrumbs\" data-id=\"6bb13a3d\" data-element_type=\"widget\" data-widget_type=\"breadcrumbs.default\">\n\t\t\t\t\t<p id=\"breadcrumbs\"><span><span><a href=\"https:\/\/www.falkenair.com\/ar\/\">\u0641\u0627\u0644\u0643\u0648\u0646 \u0627\u064a\u0631<\/a><\/span><\/span><\/p>\t\t\t\t<\/div>\n\t\t\t\t<\/div>\n\t\t<div class=\"elementor-element elementor-element-447bd6a0 e-flex e-con-boxed e-con e-parent\" data-id=\"447bd6a0\" data-element_type=\"container\">\n\t\t\t\t\t<div class=\"e-con-inner\">\n\t\t\t\t<div class=\"elementor-element elementor-element-33b7f1ee elementor-widget elementor-widget-heading\" data-id=\"33b7f1ee\" data-element_type=\"widget\" data-widget_type=\"heading.default\">\n\t\t\t\t\t<h1 class=\"elementor-heading-title elementor-size-default\">\u0628\u0635\u0645\u0629<\/h1>\t\t\t\t<\/div>\n\t\t\t\t\t<\/div>\n\t\t\t\t<\/div>\n\t\t<div class=\"elementor-element elementor-element-8aaf7d6 e-flex e-con-boxed e-con e-parent\" data-id=\"8aaf7d6\" data-element_type=\"container\">\n\t\t\t\t\t<div class=\"e-con-inner\">\n\t\t\t\t<div class=\"elementor-element elementor-element-6637406 elementor-widget elementor-widget-text-editor\" data-id=\"6637406\" data-element_type=\"widget\" data-widget_type=\"text-editor.default\">\n\t\t\t\t\t\t\t\t\t<h2>\u0644\u0644\u0627\u062a\u0635\u0627\u0644 \u0628\u0646\u0627<\/h2><p>\u0634\u0631\u0643\u0629 \u0641\u0627\u0644\u0643\u064a\u0646 \u0625\u064a\u0631 \u0627\u0644\u0645\u062d\u062f\u0648\u062f\u0629<br \/>\u0645\u0627\u062c \u062c\u0648\u0632\u064a\u0641 \u0646\u064a\u0646\u062f\u0644<br \/>\u0646\u064a\u0643\u0648\u0644\u0627\u0648\u0633-\u062c\u0627\u0633\u0646\u0631-\u0634\u0627\u0631\u0639. 79<br \/>5710 \u0643\u0627\u0628\u0631\u0648\u0646<\/p><p>\u0627\u0644\u0647\u0627\u062a\u0641: +43 664 441 44 43<br \/>\u0628\u0631\u064a\u062f \u0625\u0644\u0643\u062a\u0631\u0648\u0646\u064a: <a href=\"mailto:info@falkenair.com\"><strong>info@falkenair.com<\/strong><\/a><\/p><h2><strong>\u0627\u0644\u062a\u0641\u0627\u0635\u064a\u0644 \u0627\u0644\u0645\u0635\u0631\u0641\u064a\u0629:<\/strong><\/h2><p>\u0627\u0644\u0645\u0633\u062a\u0644\u0645: \u0634\u0631\u0643\u0629 \u0641\u0627\u0644\u0643\u064a\u0646 \u0625\u064a\u0631 \u0627\u0644\u0645\u062d\u062f\u0648\u062f\u0629<br \/>\u0625\u064a\u0628\u0627\u0646: AT14 3501 2000 0124 4219<br \/>\u0628\u064a\u0643: RVSAAT2S012<br \/>\u0639\u0646\u062f \u0625\u062c\u0631\u0627\u0621 \u0627\u0644\u062a\u062d\u0648\u064a\u0644\u0627\u062a \u0627\u0644\u0645\u0635\u0631\u0641\u064a\u0629\u060c \u064a\u0631\u062c\u0649 \u062a\u0636\u0645\u064a\u0646 \u0631\u0642\u0645 \u0627\u0644\u0637\u0644\u0628.<\/p><h2>\u0642\u0627\u0646\u0648\u0646\u064a<\/h2><p>\u0627\u0644\u0633\u0644\u0637\u0629 \u0648\u0641\u0642\u064b\u0627 \u0644\u0640 ECG: \u0633\u0644\u0637\u0629 \u0645\u0646\u0637\u0642\u0629 \u0632\u064a\u0644\u0627\u0645\u0633\u064a<\/p><p>\u0647\u062f\u0641 \u0627\u0644\u0634\u0631\u0643\u0629: \u0646\u0642\u0644 \u0627\u0644\u0623\u0634\u062e\u0627\u0635 \u0648\u0627\u0644\u0623\u0634\u064a\u0627\u0621 \u0628\u0627\u0644\u0645\u0638\u0644\u0627\u062a<br \/>\u0627\u0644\u0633\u0644\u0637\u0629 \u0648\u0641\u0642\u064b\u0627 \u0644\u0640 ECG (\u0642\u0627\u0646\u0648\u0646 \u0627\u0644\u062a\u062c\u0627\u0631\u0629 \u0627\u0644\u0625\u0644\u0643\u062a\u0631\u0648\u0646\u064a\u0629): \u0633\u0644\u0637\u0629 \u0645\u0646\u0637\u0642\u0629 \u0632\u064a\u0644 \u0623\u0645 \u0633\u064a<br \/><a href=\"https:\/\/firmen.wko.at\/mag-rer-soc-oec-josef-johann-nindl-falken-air-tandem-paragliding-zell-am-see\/salzburg\/?firmaid=789a75c4-4f8f-425d-9f70-6863dc9846f2\" target=\"_blank\" rel=\"noopener\"><strong>\u0645\u0639\u0644\u0648\u0645\u0627\u062a \u0627\u0644\u0634\u0631\u0643\u0629 WKO<\/strong><\/a><\/p><h2>\u0645\u0639\u0644\u0648\u0645\u0627\u062a \u0642\u0627\u0646\u0648\u0646\u064a\u0629 \u0639\u0646 \u0627\u0644\u0645\u0633\u0624\u0648\u0644\u064a\u0629<\/h2><p>\u0646\u062d\u0646 \u0646\u0633\u0639\u0649 \u062c\u0627\u0647\u062f\u064a\u0646 \u0644\u0644\u062a\u0623\u0643\u062f \u0645\u0646 \u0623\u0646 \u0627\u0644\u0645\u0639\u0644\u0648\u0645\u0627\u062a \u0627\u0644\u0645\u0642\u062f\u0645\u0629 \u0639\u0644\u0649 \u0647\u0630\u0627 \u0627\u0644\u0645\u0648\u0642\u0639 \u062f\u0642\u064a\u0642\u0629 \u0648\u062d\u062f\u064a\u062b\u0629. \u0648\u0645\u0639 \u0630\u0644\u0643\u060c \u0644\u0627 \u064a\u0645\u0643\u0646 \u0627\u0633\u062a\u0628\u0639\u0627\u062f \u0627\u0644\u0623\u062e\u0637\u0627\u0621 \u0648\u0627\u0644\u063a\u0645\u0648\u0636. \u0648\u0644\u0630\u0644\u0643 \u0641\u0625\u0646\u0646\u0627 \u0644\u0627 \u0646\u062a\u062d\u0645\u0644 \u0623\u064a \u0645\u0633\u0624\u0648\u0644\u064a\u0629 \u0639\u0646 \u062a\u0648\u0642\u064a\u062a \u0623\u0648 \u062f\u0642\u0629 \u0623\u0648 \u0627\u0643\u062a\u0645\u0627\u0644 \u0623\u0648 \u062c\u0648\u062f\u0629 \u0627\u0644\u0645\u0639\u0644\u0648\u0645\u0627\u062a \u0648\u0627\u0644\u0623\u0633\u0639\u0627\u0631 \u0627\u0644\u0645\u0642\u062f\u0645\u0629. \u062c\u0645\u064a\u0639 \u0627\u0644\u0623\u0633\u0639\u0627\u0631 \u0628\u0627\u0644\u064a\u0648\u0631\u0648<\/p><p>\u0644\u064a\u0633 \u0644\u062f\u064a\u0646\u0627 \u0623\u064a \u062a\u0623\u062b\u064a\u0631 \u0639\u0644\u0649 &quot;\u0627\u0644\u0645\u062d\u062a\u0648\u0649 \u0627\u0644\u062e\u0627\u0631\u062c\u064a&quot; \u0648\u0644\u0627 \u0646\u0639\u062a\u0645\u062f \u0647\u0630\u0627 \u0627\u0644\u0645\u062d\u062a\u0648\u0649 \u0639\u0644\u0649 \u0623\u0646\u0647 \u0645\u062d\u062a\u0648\u0649 \u062e\u0627\u0635 \u0628\u0646\u0627. \u0644\u064a\u0633 \u0644\u062f\u064a\u0646\u0627 \u0623\u064a \u0639\u0644\u0645 \u0628\u0648\u062c\u0648\u062f \u0645\u062d\u062a\u0648\u0649 \u063a\u064a\u0631 \u0642\u0627\u0646\u0648\u0646\u064a \u0623\u0648 \u0645\u0633\u064a\u0621 \u0639\u0644\u0649 \u0627\u0644\u0645\u0648\u0627\u0642\u0639 \u0627\u0644\u0645\u0631\u062a\u0628\u0637\u0629 \u0644\u0645\u0648\u0641\u0631\u064a \u0627\u0644\u0637\u0631\u0641 \u0627\u0644\u062b\u0627\u0644\u062b. \u0625\u0630\u0627 \u0643\u0627\u0646\u062a \u0627\u0644\u0635\u0641\u062d\u0627\u062a \u0627\u0644\u0645\u0631\u062a\u0628\u0637\u0629 \u0644\u0645\u0648\u0641\u0631\u064a \u0627\u0644\u0637\u0631\u0641 \u0627\u0644\u062b\u0627\u0644\u062b \u062a\u062d\u062a\u0648\u064a \u0639\u0644\u0649 \u0645\u062d\u062a\u0648\u0649 \u063a\u064a\u0631 \u0642\u0627\u0646\u0648\u0646\u064a \u0623\u0648 \u0645\u0633\u064a\u0621\u060c \u0641\u0625\u0646\u0646\u0627 \u0646\u0646\u0623\u0649 \u0628\u0623\u0646\u0641\u0633\u0646\u0627 \u0635\u0631\u0627\u062d\u0629\u064b \u0639\u0646 \u0647\u0630\u0627 \u0627\u0644\u0645\u062d\u062a\u0648\u0649.<\/p><h2>\u0645\u0639\u0644\u0648\u0645\u0627\u062a \u0642\u0627\u0646\u0648\u0646\u064a\u0629 \u062d\u0648\u0644 \u062d\u0642\u0648\u0642 \u0627\u0644\u062a\u0623\u0644\u064a\u0641 \u0648\u0627\u0644\u0646\u0634\u0631<\/h2><p>\u062a\u062e\u0637\u064a\u0637 \u0627\u0644\u0635\u0641\u062d\u0629 \u0627\u0644\u0631\u0626\u064a\u0633\u064a\u0629 \u0648\u0627\u0644\u0631\u0633\u0648\u0645\u0627\u062a \u0627\u0644\u0645\u0633\u062a\u062e\u062f\u0645\u0629 \u0648\u0627\u0644\u0645\u062d\u062a\u0648\u0649 \u0645\u062d\u0645\u064a \u0628\u0645\u0648\u062c\u0628 \u062d\u0642\u0648\u0642 \u0627\u0644\u0637\u0628\u0639 \u0648\u0627\u0644\u0646\u0634\u0631.<\/p><h2>\u0645\u0635\u0648\u0631<\/h2><p>\u062c\u0648\u0632\u064a\u0641 \u0646\u064a\u0646\u062f\u0644<\/p>\t\t\t\t\t\t\t\t<\/div>\n\t\t\t\t\t<\/div>\n\t\t\t\t<\/div>\n\t\t\t\t<\/div>","protected":false},"excerpt":{"rendered":"<p>Impressum Kontakt Falken Air GmbHMag. Josef NindlNikolaus-Gassner-Str. 795710 Kaprun Telefon: +43 664 441 44 43E-Mail: info@falkenair.com Bankverbindung: Empf\u00e4nger: Falken Air GmbHIban: AT14 3501 2000 0124 4219Bic: RVSAAT2S012Bei \u00dcberweisungen bitte die Bestellnummer angeben. Rechtliches Beh\u00f6rde gem. ECG: Bezirkshauptmannschaft Zell am See Unternehmensgegenstand: Bef\u00f6rderung von Personen und Sachen mit ParagleiternBeh\u00f6rde gem. ECG (E-Commerce Gesetz): Bezirkshauptmannschaft Zell am [&hellip;]<\/p>","protected":false},"author":1,"featured_media":0,"parent":0,"menu_order":30,"comment_status":"closed","ping_status":"closed","template":"","meta":{"footnotes":""},"class_list":["post-6","page","type-page","status-publish","hentry"],"yoast_head":"<!-- This site is optimized with the Yoast SEO plugin v26.1.1 - https:\/\/yoast.com\/wordpress\/plugins\/seo\/ -->\n<title>Impressum - Falken Air Tandem Paragliding<\/title>\n<meta name=\"robots\" content=\"index, follow, max-snippet:-1, max-image-preview:large, max-video-preview:-1\" \/>\n<link rel=\"canonical\" href=\"https:\/\/www.falkenair.com\/ar\/imprint\/\" \/>\n<meta property=\"og:locale\" content=\"ar_AR\" \/>\n<meta property=\"og:type\" content=\"article\" \/>\n<meta property=\"og:title\" content=\"Impressum - Falken Air Tandem Paragliding\" \/>\n<meta property=\"og:description\" content=\"Impressum Kontakt Falken Air GmbHMag. Josef NindlNikolaus-Gassner-Str. 795710 Kaprun Telefon: +43 664 441 44 43E-Mail: info@falkenair.com Bankverbindung: Empf\u00e4nger: Falken Air GmbHIban: AT14 3501 2000 0124 4219Bic: RVSAAT2S012Bei \u00dcberweisungen bitte die Bestellnummer angeben. Rechtliches Beh\u00f6rde gem. ECG: Bezirkshauptmannschaft Zell am See Unternehmensgegenstand: Bef\u00f6rderung von Personen und Sachen mit ParagleiternBeh\u00f6rde gem. ECG (E-Commerce Gesetz): Bezirkshauptmannschaft Zell am [&hellip;]\" \/>\n<meta property=\"og:url\" content=\"https:\/\/www.falkenair.com\/ar\/imprint\/\" \/>\n<meta property=\"og:site_name\" content=\"Falken Air Tandem Paragliding\" \/>\n<meta property=\"article:publisher\" content=\"https:\/\/www.facebook.com\/Falkenair\/\" \/>\n<meta property=\"article:modified_time\" content=\"2025-10-02T12:04:35+00:00\" \/>\n<meta name=\"twitter:card\" content=\"summary_large_image\" \/>\n<meta name=\"twitter:label1\" content=\"\u0648\u0642\u062a \u0627\u0644\u0642\u0631\u0627\u0621\u0629 \u0627\u0644\u0645\u064f\u0642\u062f\u0651\u0631\" \/>\n\t<meta name=\"twitter:data1\" content=\"\u062f\u0642\u064a\u0642\u062a\u0627\u0646\" \/>\n<script type=\"application\/ld+json\" class=\"yoast-schema-graph\">{\"@context\":\"https:\/\/schema.org\",\"@graph\":[{\"@type\":\"WebPage\",\"@id\":\"https:\/\/www.falkenair.com\/impressum\/\",\"url\":\"https:\/\/www.falkenair.com\/impressum\/\",\"name\":\"Impressum - Falken Air Tandem Paragliding\",\"isPartOf\":{\"@id\":\"https:\/\/www.falkenair.com\/#website\"},\"datePublished\":\"2023-11-07T06:26:13+00:00\",\"dateModified\":\"2025-10-02T12:04:35+00:00\",\"breadcrumb\":{\"@id\":\"https:\/\/www.falkenair.com\/impressum\/#breadcrumb\"},\"inLanguage\":\"ar\",\"potentialAction\":[{\"@type\":\"ReadAction\",\"target\":[\"https:\/\/www.falkenair.com\/impressum\/\"]}]},{\"@type\":\"BreadcrumbList\",\"@id\":\"https:\/\/www.falkenair.com\/impressum\/#breadcrumb\",\"itemListElement\":[{\"@type\":\"ListItem\",\"position\":1,\"name\":\"Falken Air\",\"item\":\"https:\/\/www.falkenair.com\/\"},{\"@type\":\"ListItem\",\"position\":2,\"name\":\"Impressum\"}]},{\"@type\":\"WebSite\",\"@id\":\"https:\/\/www.falkenair.com\/#website\",\"url\":\"https:\/\/www.falkenair.com\/\",\"name\":\"Falken Air\",\"description\":\"\",\"publisher\":{\"@id\":\"https:\/\/www.falkenair.com\/#organization\"},\"potentialAction\":[{\"@type\":\"SearchAction\",\"target\":{\"@type\":\"EntryPoint\",\"urlTemplate\":\"https:\/\/www.falkenair.com\/?s={search_term_string}\"},\"query-input\":{\"@type\":\"PropertyValueSpecification\",\"valueRequired\":true,\"valueName\":\"search_term_string\"}}],\"inLanguage\":\"ar\"},{\"@type\":\"Organization\",\"@id\":\"https:\/\/www.falkenair.com\/#organization\",\"name\":\"Falken Air\",\"alternateName\":\"Falken Air Tandem Paragliding\",\"url\":\"https:\/\/www.falkenair.com\/\",\"logo\":{\"@type\":\"ImageObject\",\"inLanguage\":\"ar\",\"@id\":\"https:\/\/www.falkenair.com\/#\/schema\/logo\/image\/\",\"url\":\"https:\/\/www.falkenair.com\/wp-content\/uploads\/2024\/09\/schriftzug-falkenair.svg\",\"contentUrl\":\"https:\/\/www.falkenair.com\/wp-content\/uploads\/2024\/09\/schriftzug-falkenair.svg\",\"width\":585.541,\"height\":91.215,\"caption\":\"Falken Air\"},\"image\":{\"@id\":\"https:\/\/www.falkenair.com\/#\/schema\/logo\/image\/\"},\"sameAs\":[\"https:\/\/www.facebook.com\/Falkenair\/\",\"https:\/\/www.youtube.com\/@falkenair675\",\"https:\/\/www.instagram.com\/falken_air\/\",\"https:\/\/www.tiktok.com\/@falkenair\"]}]}<\/script>\n<!-- \/ Yoast SEO plugin. -->","yoast_head_json":{"title":"\u0628\u0635\u0645\u0629 - \u0627\u0644\u0637\u064a\u0631\u0627\u0646 \u0627\u0644\u0634\u0631\u0627\u0639\u064a \u0627\u0644\u062a\u0631\u0627\u062f\u0641\u064a Falken Air","robots":{"index":"index","follow":"follow","max-snippet":"max-snippet:-1","max-image-preview":"max-image-preview:large","max-video-preview":"max-video-preview:-1"},"canonical":"https:\/\/www.falkenair.com\/ar\/imprint\/","og_locale":"ar_AR","og_type":"article","og_title":"Impressum - Falken Air Tandem Paragliding","og_description":"Impressum Kontakt Falken Air GmbHMag. Josef NindlNikolaus-Gassner-Str. 795710 Kaprun Telefon: +43 664 441 44 43E-Mail: info@falkenair.com Bankverbindung: Empf\u00e4nger: Falken Air GmbHIban: AT14 3501 2000 0124 4219Bic: RVSAAT2S012Bei \u00dcberweisungen bitte die Bestellnummer angeben. Rechtliches Beh\u00f6rde gem. ECG: Bezirkshauptmannschaft Zell am See Unternehmensgegenstand: Bef\u00f6rderung von Personen und Sachen mit ParagleiternBeh\u00f6rde gem. ECG (E-Commerce Gesetz): Bezirkshauptmannschaft Zell am [&hellip;]","og_url":"https:\/\/www.falkenair.com\/ar\/imprint\/","og_site_name":"Falken Air Tandem Paragliding","article_publisher":"https:\/\/www.facebook.com\/Falkenair\/","article_modified_time":"2025-10-02T12:04:35+00:00","twitter_card":"summary_large_image","twitter_misc":{"\u0648\u0642\u062a \u0627\u0644\u0642\u0631\u0627\u0621\u0629 \u0627\u0644\u0645\u064f\u0642\u062f\u0651\u0631":"\u062f\u0642\u064a\u0642\u062a\u0627\u0646"},"schema":{"@context":"https:\/\/schema.org","@graph":[{"@type":"WebPage","@id":"https:\/\/www.falkenair.com\/impressum\/","url":"https:\/\/www.falkenair.com\/impressum\/","name":"\u0628\u0635\u0645\u0629 - \u0627\u0644\u0637\u064a\u0631\u0627\u0646 \u0627\u0644\u0634\u0631\u0627\u0639\u064a \u0627\u0644\u062a\u0631\u0627\u062f\u0641\u064a Falken Air","isPartOf":{"@id":"https:\/\/www.falkenair.com\/#website"},"datePublished":"2023-11-07T06:26:13+00:00","dateModified":"2025-10-02T12:04:35+00:00","breadcrumb":{"@id":"https:\/\/www.falkenair.com\/impressum\/#breadcrumb"},"inLanguage":"ar","potentialAction":[{"@type":"ReadAction","target":["https:\/\/www.falkenair.com\/impressum\/"]}]},{"@type":"BreadcrumbList","@id":"https:\/\/www.falkenair.com\/impressum\/#breadcrumb","itemListElement":[{"@type":"ListItem","position":1,"name":"Falken Air","item":"https:\/\/www.falkenair.com\/"},{"@type":"ListItem","position":2,"name":"Impressum"}]},{"@type":"WebSite","@id":"https:\/\/www.falkenair.com\/#website","url":"https:\/\/www.falkenair.com\/","name":"\u0641\u0627\u0644\u0643\u0648\u0646 \u0627\u064a\u0631","description":"","publisher":{"@id":"https:\/\/www.falkenair.com\/#organization"},"potentialAction":[{"@type":"SearchAction","target":{"@type":"EntryPoint","urlTemplate":"https:\/\/www.falkenair.com\/?s={search_term_string}"},"query-input":{"@type":"PropertyValueSpecification","valueRequired":true,"valueName":"search_term_string"}}],"inLanguage":"ar"},{"@type":"Organization","@id":"https:\/\/www.falkenair.com\/#organization","name":"\u0641\u0627\u0644\u0643\u0648\u0646 \u0627\u064a\u0631","alternateName":"Falken Air Tandem Paragliding","url":"https:\/\/www.falkenair.com\/","logo":{"@type":"ImageObject","inLanguage":"ar","@id":"https:\/\/www.falkenair.com\/#\/schema\/logo\/image\/","url":"https:\/\/www.falkenair.com\/wp-content\/uploads\/2024\/09\/schriftzug-falkenair.svg","contentUrl":"https:\/\/www.falkenair.com\/wp-content\/uploads\/2024\/09\/schriftzug-falkenair.svg","width":585.541,"height":91.215,"caption":"Falken Air"},"image":{"@id":"https:\/\/www.falkenair.com\/#\/schema\/logo\/image\/"},"sameAs":["https:\/\/www.facebook.com\/Falkenair\/","https:\/\/www.youtube.com\/@falkenair675","https:\/\/www.instagram.com\/falken_air\/","https:\/\/www.tiktok.com\/@falkenair"]}]}},"_links":{"self":[{"href":"https:\/\/www.falkenair.com\/ar\/wp-json\/wp\/v2\/pages\/6","targetHints":{"allow":["GET"]}}],"collection":[{"href":"https:\/\/www.falkenair.com\/ar\/wp-json\/wp\/v2\/pages"}],"about":[{"href":"https:\/\/www.falkenair.com\/ar\/wp-json\/wp\/v2\/types\/page"}],"author":[{"embeddable":true,"href":"https:\/\/www.falkenair.com\/ar\/wp-json\/wp\/v2\/users\/1"}],"replies":[{"embeddable":true,"href":"https:\/\/www.falkenair.com\/ar\/wp-json\/wp\/v2\/comments?post=6"}],"version-history":[{"count":14,"href":"https:\/\/www.falkenair.com\/ar\/wp-json\/wp\/v2\/pages\/6\/revisions"}],"predecessor-version":[{"id":8225,"href":"https:\/\/www.falkenair.com\/ar\/wp-json\/wp\/v2\/pages\/6\/revisions\/8225"}],"wp:attachment":[{"href":"https:\/\/www.falkenair.com\/ar\/wp-json\/wp\/v2\/media?parent=6"}],"curies":[{"name":"\u0648\u0648\u0631\u062f\u0628\u0631\u064a\u0633","href":"https:\/\/api.w.org\/{rel}","templated":true}]}}