{"id":25,"date":"2023-11-07T07:34:07","date_gmt":"2023-11-07T06:34:07","guid":{"rendered":"https:\/\/www.falkenair.com\/?page_id=25"},"modified":"2025-12-27T09:46:17","modified_gmt":"2025-12-27T08:46:17","slug":"gutschein-bestellen","status":"publish","type":"page","link":"https:\/\/www.falkenair.com\/fr\/bon-de-commande\/","title":{"rendered":"Coupon"},"content":{"rendered":"<div data-elementor-type=\"wp-page\" data-elementor-id=\"25\" class=\"elementor elementor-25\" data-elementor-post-type=\"page\">\n\t\t\t\t<div class=\"elementor-element elementor-element-427bb78b e-con-full e-flex e-con e-parent\" data-id=\"427bb78b\" data-element_type=\"container\" data-settings=\"{&quot;background_background&quot;:&quot;classic&quot;}\">\n\t\t\t\t<div class=\"elementor-element elementor-element-261560e3 elementor-align-center elementor-widget elementor-widget-breadcrumbs\" data-id=\"261560e3\" data-element_type=\"widget\" data-widget_type=\"breadcrumbs.default\">\n\t\t\t\t\t<p id=\"breadcrumbs\"><span><span><a href=\"https:\/\/www.falkenair.com\/fr\/\">FalkenAir<\/a><\/span><\/span><\/p>\t\t\t\t<\/div>\n\t\t\t\t<\/div>\n\t\t<div class=\"elementor-element elementor-element-6a92997e e-flex e-con-boxed e-con e-parent\" data-id=\"6a92997e\" data-element_type=\"container\">\n\t\t\t\t\t<div class=\"e-con-inner\">\n\t\t<div class=\"elementor-element elementor-element-4e5a63a1 e-con-full e-flex e-con e-child\" data-id=\"4e5a63a1\" data-element_type=\"container\">\n\t\t\t\t<div class=\"elementor-element elementor-element-38234d6b elementor-widget elementor-widget-heading\" data-id=\"38234d6b\" data-element_type=\"widget\" data-widget_type=\"heading.default\">\n\t\t\t\t\t<h2 class=\"elementor-heading-title elementor-size-default\">Bon de commande<\/h2>\t\t\t\t<\/div>\n\t\t\t\t<div class=\"elementor-element elementor-element-7e729a1b elementor-widget elementor-widget-heading\" data-id=\"7e729a1b\" data-element_type=\"widget\" data-widget_type=\"heading.default\">\n\t\t\t\t\t<h1 class=\"elementor-heading-title elementor-size-default\">Bons pour le parapente et la montgolfi\u00e8re<\/h1>\t\t\t\t<\/div>\n\t\t\t\t<\/div>\n\t\t<div class=\"elementor-element elementor-element-66eb21e5 e-con-full e-flex e-con e-child\" data-id=\"66eb21e5\" data-element_type=\"container\">\n\t\t\t\t<div class=\"elementor-element elementor-element-26d62cbe elementor-widget elementor-widget-heading\" data-id=\"26d62cbe\" data-element_type=\"widget\" data-widget_type=\"heading.default\">\n\t\t\t\t\t<h3 class=\"elementor-heading-title elementor-size-default\">Vous souhaitez offrir une exp\u00e9rience inoubliable ?<\/h3>\t\t\t\t<\/div>\n\t\t\t\t<div class=\"elementor-element elementor-element-5a089dc8 elementor-widget elementor-widget-text-editor\" data-id=\"5a089dc8\" data-element_type=\"widget\" data-widget_type=\"text-editor.default\">\n\t\t\t\t\t\t\t\t\t<p>Voici la solution\u00a0! Vous pouvez choisir entre des vols en tandem spectaculaires et des vols en montgolfi\u00e8re. Vous recevrez votre bon d&#039;achat par e-mail imm\u00e9diatement apr\u00e8s votre commande en ligne. Vous pourrez l&#039;imprimer et l&#039;offrir.<\/p><p>Apr\u00e8s avoir pass\u00e9 votre commande, vous recevrez un second courriel contenant la facture. Si vous ne trouvez aucun de ces courriels, v\u00e9rifiez votre dossier de courriers ind\u00e9sirables. Si vous ne les trouvez toujours pas, votre achat de bon d&#039;achat n&#039;est pas encore finalis\u00e9\u00a0; veuillez recommencer.\u00a0<\/p><p>Veuillez effectuer le virement sur notre compte imm\u00e9diatement\u00a0; le paiement est d\u00fb sans d\u00e9lai. Si nous ne recevons pas le paiement dans les 48\u00a0heures, le bon sera invalid\u00e9 et ne pourra plus \u00eatre utilis\u00e9.\u00a0<\/p><p>Si vous ne trouvez pas l&#039;e-mail contenant la facture, veuillez transf\u00e9rer le montant du bon \u00e0 :<\/p><p><strong>Coordonn\u00e9es bancaires<\/strong>:<br \/>Destinataire : Falken Air GmbH<br \/>Iban\u00a0: AT14 3501 2000 0124 4219<br \/>Bic : RVSAAT2S012<br \/>Lors d&#039;un virement bancaire, merci d&#039;indiquer le num\u00e9ro de commande.<\/p><p>Toutes les autres questions sur les bons d&#039;achat <a href=\"https:\/\/www.falkenair.com\/fr\/questions-et-reponses\/\" target=\"_blank\" rel=\"noopener\">peut \u00eatre trouv\u00e9 ici.<\/a><\/p>\t\t\t\t\t\t\t\t<\/div>\n\t\t\t\t<\/div>\n\t\t\t\t\t<\/div>\n\t\t\t\t<\/div>\n\t\t<div class=\"elementor-element elementor-element-73940154 e-flex e-con-boxed e-con e-parent\" data-id=\"73940154\" data-element_type=\"container\">\n\t\t\t\t\t<div class=\"e-con-inner\">\n\t\t\t\t<div class=\"elementor-element elementor-element-6ff03e6a elementor-widget elementor-widget-heading\" data-id=\"6ff03e6a\" data-element_type=\"widget\" data-widget_type=\"heading.default\">\n\t\t\t\t\t<h2 class=\"elementor-heading-title elementor-size-default\">Veuillez noter:<\/h2>\t\t\t\t<\/div>\n\t\t\t\t<div class=\"elementor-element elementor-element-2fcad929 elementor-widget elementor-widget-text-editor\" data-id=\"2fcad929\" data-element_type=\"widget\" data-widget_type=\"text-editor.default\">\n\t\t\t\t\t\t\t\t\t<ul><li>Les bons d&#039;achat sont destin\u00e9s \u00e0 \u00eatre offerts en cadeau et non \u00e0 servir de moyen de paiement pour des vols dont le d\u00e9part est pr\u00e9vu dans quelques jours. Un bon d&#039;achat classique suffit pour cela. <a href=\"https:\/\/www.falkenair.com\/fr\/faire-une-reservation\/\">R\u00e9servation de vol<\/a><\/li><li>Les bons pour le parapente en tandem ne peuvent \u00eatre utilis\u00e9s que dans la zone de vol de Zell am See et uniquement pendant les heures d&#039;ouverture des remont\u00e9es m\u00e9caniques.<\/li><li>Le bon n&#039;est pas remboursable, m\u00eame en cas de report ou d&#039;annulation pour cause d&#039;intemp\u00e9ries.<\/li><li>Les soldes restants ne peuvent pas \u00eatre \u00e9chang\u00e9s contre de l&#039;argent, mais peuvent \u00eatre utilis\u00e9s pour une nouvelle r\u00e9servation (des soldes restants apparaissent, par exemple, si seul un vol Classique peut \u00eatre effectu\u00e9 avec un bon de vol Sup\u00e9rieur en raison d&#039;un manque de conditions thermiques).<\/li><li>Il n&#039;est pas possible d&#039;\u00e9changer les bons pour un vol en parapente biplace contre des bons pour un vol en montgolfi\u00e8re, ni l&#039;inverse.<\/li><li>La validit\u00e9 est de 36 mois. Plus de d\u00e9tails sont disponibles dans le <a href=\"https:\/\/www.falkenair.com\/fr\/conditions\/\">Termes et conditions<\/a><\/li><\/ul>\t\t\t\t\t\t\t\t<\/div>\n\t\t\t\t\t<\/div>\n\t\t\t\t<\/div>\n\t\t<div class=\"elementor-element elementor-element-63b0ad3 e-flex e-con-boxed e-con e-parent\" data-id=\"63b0ad3\" data-element_type=\"container\">\n\t\t\t\t\t<div class=\"e-con-inner\">\n\t\t\t\t<div class=\"elementor-element elementor-element-e233b6d elementor-widget elementor-widget-html\" data-id=\"e233b6d\" data-element_type=\"widget\" data-no-translation=\"\" data-widget_type=\"html.default\">\n\t\t\t\t\t<style>.elementor-element-e233b6d{display:none !important}<\/style>\t\t\t\t<\/div>\n\t\t\t\t<div class=\"elementor-element elementor-element-15b1af7 elementor-widget elementor-widget-html\" data-id=\"15b1af7\" data-element_type=\"widget\" data-widget_type=\"html.default\">\n\t\t\t\t\t<div id=\"myIncertIframe\"><\/div>\n<script type=\"text\/javascript\">\n!function(i,n,c,e,r,t,s,h,o,p){\n i[e]=i[e]||function(){(i[e].q=i[e].q||[]).push([].slice.call(arguments))},\n p=n.createElement(c),p.src=r,\n p.onload=function(){IncertClass.n=e,incertIframe(t,s,h)},n.head.appendChild(p)\n}(window, document, \"SCRIPT\", \"inc\",\n\"https:\/\/myincert.com\/public\/api\/incertClient.js\", \"myIncertIframe\",\n \"https:\/\/dasfalkenstein.traumgutscheine.com?sub_shop_id=29\/start.php?incertframe=new&language=en\");\n<\/script>\t\t\t\t<\/div>\n\t\t\t\t<div class=\"elementor-element elementor-element-849581d elementor-widget elementor-widget-html\" data-id=\"849581d\" data-element_type=\"widget\" data-no-translation=\"\" data-widget_type=\"html.default\">\n\t\t\t\t\t<style>.elementor-element-849581d{display:none !important}<\/style>\t\t\t\t<\/div>\n\t\t\t\t\t<\/div>\n\t\t\t\t<\/div>\n\t\t\t\t<\/div>","protected":false},"excerpt":{"rendered":"<p>Gutschein bestellen Gutscheine f\u00fcr Paragliding und Ballonfahren Du m\u00f6chtest ein unvergessliches Erlebnis verschenken? Hier kommt die L\u00f6sung! Du kannst zwischen spektakul\u00e4ren Tandemfl\u00fcgen und Ballonfahrten w\u00e4hlen. Deinen Gutschein bekommst du sofort nach der Online Bestellung per Mail und du kannst ihn ausdrucken und verschenken. Nach der Bestellung erh\u00e4ltst du auch ein 2. Mail mit der Rechnung. [&hellip;]<\/p>","protected":false},"author":1,"featured_media":0,"parent":0,"menu_order":18,"comment_status":"closed","ping_status":"closed","template":"","meta":{"footnotes":""},"class_list":["post-25","page","type-page","status-publish","hentry"],"yoast_head":"<!-- This site is optimized with the Yoast SEO plugin v26.1.1 - https:\/\/yoast.com\/wordpress\/plugins\/seo\/ -->\n<title>Tandem Paragliding Gutscheine online kaufen - Falken Air<\/title>\n<meta name=\"description\" content=\"Falken Air Gutscheine \u2713 F\u00fcr Paragliding \u2713 F\u00fcr Ballonfahren \u2713 Unvergessliche Erlebnisse verschenken \u00bb Jetzt Gutschein online kaufen!\" \/>\n<meta name=\"robots\" content=\"index, follow, max-snippet:-1, max-image-preview:large, max-video-preview:-1\" \/>\n<link rel=\"canonical\" href=\"https:\/\/www.falkenair.com\/fr\/bon-de-commande\/\" \/>\n<meta property=\"og:locale\" content=\"fr_FR\" \/>\n<meta property=\"og:type\" content=\"article\" \/>\n<meta property=\"og:title\" content=\"Tandem Paragliding Gutscheine online kaufen - Falken Air\" \/>\n<meta property=\"og:description\" content=\"Falken Air Gutscheine \u2713 F\u00fcr Paragliding \u2713 F\u00fcr Ballonfahren \u2713 Unvergessliche Erlebnisse verschenken \u00bb Jetzt Gutschein online kaufen!\" \/>\n<meta property=\"og:url\" content=\"https:\/\/www.falkenair.com\/fr\/bon-de-commande\/\" \/>\n<meta property=\"og:site_name\" content=\"Falken Air Tandem Paragliding\" \/>\n<meta property=\"article:publisher\" content=\"https:\/\/www.facebook.com\/Falkenair\/\" \/>\n<meta property=\"article:modified_time\" content=\"2025-12-27T08:46:17+00:00\" \/>\n<meta name=\"twitter:card\" content=\"summary_large_image\" \/>\n<meta name=\"twitter:label1\" content=\"Dur\u00e9e de lecture estim\u00e9e\" \/>\n\t<meta name=\"twitter:data1\" content=\"2 minutes\" \/>\n<script type=\"application\/ld+json\" class=\"yoast-schema-graph\">{\"@context\":\"https:\/\/schema.org\",\"@graph\":[{\"@type\":\"WebPage\",\"@id\":\"https:\/\/www.falkenair.com\/gutschein-bestellen\/\",\"url\":\"https:\/\/www.falkenair.com\/gutschein-bestellen\/\",\"name\":\"Tandem Paragliding Gutscheine online kaufen - Falken Air\",\"isPartOf\":{\"@id\":\"https:\/\/www.falkenair.com\/#website\"},\"datePublished\":\"2023-11-07T06:34:07+00:00\",\"dateModified\":\"2025-12-27T08:46:17+00:00\",\"description\":\"Falken Air Gutscheine \u2713 F\u00fcr Paragliding \u2713 F\u00fcr Ballonfahren \u2713 Unvergessliche Erlebnisse verschenken \u00bb Jetzt Gutschein online kaufen!\",\"breadcrumb\":{\"@id\":\"https:\/\/www.falkenair.com\/gutschein-bestellen\/#breadcrumb\"},\"inLanguage\":\"fr-FR\",\"potentialAction\":[{\"@type\":\"ReadAction\",\"target\":[\"https:\/\/www.falkenair.com\/gutschein-bestellen\/\"]}]},{\"@type\":\"BreadcrumbList\",\"@id\":\"https:\/\/www.falkenair.com\/gutschein-bestellen\/#breadcrumb\",\"itemListElement\":[{\"@type\":\"ListItem\",\"position\":1,\"name\":\"Falken Air\",\"item\":\"https:\/\/www.falkenair.com\/\"},{\"@type\":\"ListItem\",\"position\":2,\"name\":\"Gutschein\"}]},{\"@type\":\"WebSite\",\"@id\":\"https:\/\/www.falkenair.com\/#website\",\"url\":\"https:\/\/www.falkenair.com\/\",\"name\":\"Falken Air\",\"description\":\"\",\"publisher\":{\"@id\":\"https:\/\/www.falkenair.com\/#organization\"},\"potentialAction\":[{\"@type\":\"SearchAction\",\"target\":{\"@type\":\"EntryPoint\",\"urlTemplate\":\"https:\/\/www.falkenair.com\/?s={search_term_string}\"},\"query-input\":{\"@type\":\"PropertyValueSpecification\",\"valueRequired\":true,\"valueName\":\"search_term_string\"}}],\"inLanguage\":\"fr-FR\"},{\"@type\":\"Organization\",\"@id\":\"https:\/\/www.falkenair.com\/#organization\",\"name\":\"Falken Air\",\"alternateName\":\"Falken Air Tandem Paragliding\",\"url\":\"https:\/\/www.falkenair.com\/\",\"logo\":{\"@type\":\"ImageObject\",\"inLanguage\":\"fr-FR\",\"@id\":\"https:\/\/www.falkenair.com\/#\/schema\/logo\/image\/\",\"url\":\"https:\/\/www.falkenair.com\/wp-content\/uploads\/2024\/09\/schriftzug-falkenair.svg\",\"contentUrl\":\"https:\/\/www.falkenair.com\/wp-content\/uploads\/2024\/09\/schriftzug-falkenair.svg\",\"width\":585.541,\"height\":91.215,\"caption\":\"Falken Air\"},\"image\":{\"@id\":\"https:\/\/www.falkenair.com\/#\/schema\/logo\/image\/\"},\"sameAs\":[\"https:\/\/www.facebook.com\/Falkenair\/\",\"https:\/\/www.youtube.com\/@falkenair675\",\"https:\/\/www.instagram.com\/falken_air\/\",\"https:\/\/www.tiktok.com\/@falkenair\"]}]}<\/script>\n<!-- \/ Yoast SEO plugin. -->","yoast_head_json":{"title":"Acheter des bons de parapente tandem en ligne - Falken Air","description":"Bons Falken Air \u2713 Pour le parapente \u2713 Pour le vol en montgolfi\u00e8re \u2713 Offrez des exp\u00e9riences inoubliables \u00bb Achetez un bon en ligne maintenant !","robots":{"index":"index","follow":"follow","max-snippet":"max-snippet:-1","max-image-preview":"max-image-preview:large","max-video-preview":"max-video-preview:-1"},"canonical":"https:\/\/www.falkenair.com\/fr\/bon-de-commande\/","og_locale":"fr_FR","og_type":"article","og_title":"Tandem Paragliding Gutscheine online kaufen - Falken Air","og_description":"Falken Air Gutscheine \u2713 F\u00fcr Paragliding \u2713 F\u00fcr Ballonfahren \u2713 Unvergessliche Erlebnisse verschenken \u00bb Jetzt Gutschein online kaufen!","og_url":"https:\/\/www.falkenair.com\/fr\/bon-de-commande\/","og_site_name":"Falken Air Tandem Paragliding","article_publisher":"https:\/\/www.facebook.com\/Falkenair\/","article_modified_time":"2025-12-27T08:46:17+00:00","twitter_card":"summary_large_image","twitter_misc":{"Dur\u00e9e de lecture estim\u00e9e":"2 minutes"},"schema":{"@context":"https:\/\/schema.org","@graph":[{"@type":"WebPage","@id":"https:\/\/www.falkenair.com\/gutschein-bestellen\/","url":"https:\/\/www.falkenair.com\/gutschein-bestellen\/","name":"Acheter des bons de parapente tandem en ligne - Falken Air","isPartOf":{"@id":"https:\/\/www.falkenair.com\/#website"},"datePublished":"2023-11-07T06:34:07+00:00","dateModified":"2025-12-27T08:46:17+00:00","description":"Bons Falken Air \u2713 Pour le parapente \u2713 Pour le vol en montgolfi\u00e8re \u2713 Offrez des exp\u00e9riences inoubliables \u00bb Achetez un bon en ligne maintenant !","breadcrumb":{"@id":"https:\/\/www.falkenair.com\/gutschein-bestellen\/#breadcrumb"},"inLanguage":"fr-FR","potentialAction":[{"@type":"ReadAction","target":["https:\/\/www.falkenair.com\/gutschein-bestellen\/"]}]},{"@type":"BreadcrumbList","@id":"https:\/\/www.falkenair.com\/gutschein-bestellen\/#breadcrumb","itemListElement":[{"@type":"ListItem","position":1,"name":"Falken Air","item":"https:\/\/www.falkenair.com\/"},{"@type":"ListItem","position":2,"name":"Gutschein"}]},{"@type":"WebSite","@id":"https:\/\/www.falkenair.com\/#website","url":"https:\/\/www.falkenair.com\/","name":"FalkenAir","description":"","publisher":{"@id":"https:\/\/www.falkenair.com\/#organization"},"potentialAction":[{"@type":"SearchAction","target":{"@type":"EntryPoint","urlTemplate":"https:\/\/www.falkenair.com\/?s={search_term_string}"},"query-input":{"@type":"PropertyValueSpecification","valueRequired":true,"valueName":"search_term_string"}}],"inLanguage":"fr-FR"},{"@type":"Organization","@id":"https:\/\/www.falkenair.com\/#organization","name":"FalkenAir","alternateName":"Falken Air Tandem Paragliding","url":"https:\/\/www.falkenair.com\/","logo":{"@type":"ImageObject","inLanguage":"fr-FR","@id":"https:\/\/www.falkenair.com\/#\/schema\/logo\/image\/","url":"https:\/\/www.falkenair.com\/wp-content\/uploads\/2024\/09\/schriftzug-falkenair.svg","contentUrl":"https:\/\/www.falkenair.com\/wp-content\/uploads\/2024\/09\/schriftzug-falkenair.svg","width":585.541,"height":91.215,"caption":"Falken Air"},"image":{"@id":"https:\/\/www.falkenair.com\/#\/schema\/logo\/image\/"},"sameAs":["https:\/\/www.facebook.com\/Falkenair\/","https:\/\/www.youtube.com\/@falkenair675","https:\/\/www.instagram.com\/falken_air\/","https:\/\/www.tiktok.com\/@falkenair"]}]}},"_links":{"self":[{"href":"https:\/\/www.falkenair.com\/fr\/wp-json\/wp\/v2\/pages\/25","targetHints":{"allow":["GET"]}}],"collection":[{"href":"https:\/\/www.falkenair.com\/fr\/wp-json\/wp\/v2\/pages"}],"about":[{"href":"https:\/\/www.falkenair.com\/fr\/wp-json\/wp\/v2\/types\/page"}],"author":[{"embeddable":true,"href":"https:\/\/www.falkenair.com\/fr\/wp-json\/wp\/v2\/users\/1"}],"replies":[{"embeddable":true,"href":"https:\/\/www.falkenair.com\/fr\/wp-json\/wp\/v2\/comments?post=25"}],"version-history":[{"count":5,"href":"https:\/\/www.falkenair.com\/fr\/wp-json\/wp\/v2\/pages\/25\/revisions"}],"predecessor-version":[{"id":9032,"href":"https:\/\/www.falkenair.com\/fr\/wp-json\/wp\/v2\/pages\/25\/revisions\/9032"}],"wp:attachment":[{"href":"https:\/\/www.falkenair.com\/fr\/wp-json\/wp\/v2\/media?parent=25"}],"curies":[{"name":"wp","href":"https:\/\/api.w.org\/{rel}","templated":true}]}}