{"id":6,"date":"2023-11-07T07:26:13","date_gmt":"2023-11-07T06:26:13","guid":{"rendered":"https:\/\/www.falkenair.com\/?page_id=6"},"modified":"2025-10-02T14:04:35","modified_gmt":"2025-10-02T12:04:35","slug":"impressum","status":"publish","type":"page","link":"https:\/\/www.falkenair.com\/fr\/imprimer\/","title":{"rendered":"imprimer"},"content":{"rendered":"<div data-elementor-type=\"wp-page\" data-elementor-id=\"6\" class=\"elementor elementor-6\" data-elementor-post-type=\"page\">\n\t\t\t\t<div class=\"elementor-element elementor-element-69cde8c7 e-con-full e-flex e-con e-parent\" data-id=\"69cde8c7\" data-element_type=\"container\" data-settings=\"{&quot;background_background&quot;:&quot;classic&quot;}\">\n\t\t\t\t<div class=\"elementor-element elementor-element-6bb13a3d elementor-align-left elementor-widget elementor-widget-breadcrumbs\" data-id=\"6bb13a3d\" data-element_type=\"widget\" data-widget_type=\"breadcrumbs.default\">\n\t\t\t\t\t<p id=\"breadcrumbs\"><span><span><a href=\"https:\/\/www.falkenair.com\/fr\/\">FalkenAir<\/a><\/span><\/span><\/p>\t\t\t\t<\/div>\n\t\t\t\t<\/div>\n\t\t<div class=\"elementor-element elementor-element-447bd6a0 e-flex e-con-boxed e-con e-parent\" data-id=\"447bd6a0\" data-element_type=\"container\">\n\t\t\t\t\t<div class=\"e-con-inner\">\n\t\t\t\t<div class=\"elementor-element elementor-element-33b7f1ee elementor-widget elementor-widget-heading\" data-id=\"33b7f1ee\" data-element_type=\"widget\" data-widget_type=\"heading.default\">\n\t\t\t\t\t<h1 class=\"elementor-heading-title elementor-size-default\">imprimer<\/h1>\t\t\t\t<\/div>\n\t\t\t\t\t<\/div>\n\t\t\t\t<\/div>\n\t\t<div class=\"elementor-element elementor-element-8aaf7d6 e-flex e-con-boxed e-con e-parent\" data-id=\"8aaf7d6\" data-element_type=\"container\">\n\t\t\t\t\t<div class=\"e-con-inner\">\n\t\t\t\t<div class=\"elementor-element elementor-element-6637406 elementor-widget elementor-widget-text-editor\" data-id=\"6637406\" data-element_type=\"widget\" data-widget_type=\"text-editor.default\">\n\t\t\t\t\t\t\t\t\t<h2>Contact<\/h2><p>Falken Air GmbH<br \/>Mgr Josef Nindl<br \/>Nikolaus-Gassner-Str. 79<br \/>5710 Kaprun<\/p><p>T\u00e9l\u00e9phone : +43 664 441 44 43<br \/>E-mail: <a href=\"mailto:info@falkenair.com\"><strong>info@falkenair.com<\/strong><\/a><\/p><h2><strong>Coordonn\u00e9es bancaires:<\/strong><\/h2><p>Destinataire : Falken Air GmbH<br \/>Iban\u00a0: AT14 3501 2000 0124 4219<br \/>Bic : RVSAAT2S012<br \/>Lors d&#039;un virement bancaire, merci d&#039;indiquer le num\u00e9ro de commande.<\/p><h2>L\u00e9gal<\/h2><p>Autorit\u00e9 selon ECG : autorit\u00e9 du district de Zell am See<\/p><p>Objet de l&#039;entreprise : Transport de personnes et de choses avec des parapentes<br \/>Autorit\u00e9 selon l&#039;ECG (loi sur le commerce \u00e9lectronique) : autorit\u00e9 du district de Zell am See<br \/><a href=\"https:\/\/firmen.wko.at\/mag-rer-soc-oec-josef-johann-nindl-falken-air-tandem-paragliding-zell-am-see\/salzburg\/?firmaid=789a75c4-4f8f-425d-9f70-6863dc9846f2\" target=\"_blank\" rel=\"noopener\"><strong>Informations sur l\u2019entreprise WKO<\/strong><\/a><\/p><h2>Informations juridiques sur la responsabilit\u00e9<\/h2><p>Nous nous effor\u00e7ons de garantir que les informations fournies sur ce site Web sont exactes et \u00e0 jour. N\u00e9anmoins, des erreurs et des ambigu\u00eft\u00e9s ne peuvent \u00eatre exclues. Nous n&#039;assumons donc aucune responsabilit\u00e9 quant \u00e0 l&#039;actualit\u00e9, l&#039;exactitude, l&#039;exhaustivit\u00e9 ou la qualit\u00e9 des informations et des prix fournis. Tous les prix en euros<\/p><p>Nous n&#039;avons aucune influence sur les \u00ab\u00a0contenus externes\u00a0\u00bb et ne les adoptons pas comme n\u00f4tres. Nous n&#039;avons connaissance d&#039;aucun contenu ill\u00e9gal ou offensant sur les sites li\u00e9s de fournisseurs tiers. Si les pages li\u00e9es de fournisseurs tiers contiennent des contenus ill\u00e9gaux ou offensants, nous nous distan\u00e7ons express\u00e9ment de ces contenus.<\/p><h2>Informations l\u00e9gales sur le droit d&#039;auteur<\/h2><p>La pr\u00e9sentation de la page d&#039;accueil, les graphiques utilis\u00e9s et le contenu sont prot\u00e9g\u00e9s par le droit d&#039;auteur.<\/p><h2>Imagerie<\/h2><p>Joseph Nindl<\/p>\t\t\t\t\t\t\t\t<\/div>\n\t\t\t\t\t<\/div>\n\t\t\t\t<\/div>\n\t\t\t\t<\/div>","protected":false},"excerpt":{"rendered":"<p>Impressum Kontakt Falken Air GmbHMag. Josef NindlNikolaus-Gassner-Str. 795710 Kaprun Telefon: +43 664 441 44 43E-Mail: info@falkenair.com Bankverbindung: Empf\u00e4nger: Falken Air GmbHIban: AT14 3501 2000 0124 4219Bic: RVSAAT2S012Bei \u00dcberweisungen bitte die Bestellnummer angeben. Rechtliches Beh\u00f6rde gem. ECG: Bezirkshauptmannschaft Zell am See Unternehmensgegenstand: Bef\u00f6rderung von Personen und Sachen mit ParagleiternBeh\u00f6rde gem. ECG (E-Commerce Gesetz): Bezirkshauptmannschaft Zell am [&hellip;]<\/p>","protected":false},"author":1,"featured_media":0,"parent":0,"menu_order":30,"comment_status":"closed","ping_status":"closed","template":"","meta":{"footnotes":""},"class_list":["post-6","page","type-page","status-publish","hentry"],"yoast_head":"<!-- This site is optimized with the Yoast SEO plugin v26.1.1 - https:\/\/yoast.com\/wordpress\/plugins\/seo\/ -->\n<title>Impressum - Falken Air Tandem Paragliding<\/title>\n<meta name=\"robots\" content=\"index, follow, max-snippet:-1, max-image-preview:large, max-video-preview:-1\" \/>\n<link rel=\"canonical\" href=\"https:\/\/www.falkenair.com\/fr\/imprimer\/\" \/>\n<meta property=\"og:locale\" content=\"fr_FR\" \/>\n<meta property=\"og:type\" content=\"article\" \/>\n<meta property=\"og:title\" content=\"Impressum - Falken Air Tandem Paragliding\" \/>\n<meta property=\"og:description\" content=\"Impressum Kontakt Falken Air GmbHMag. Josef NindlNikolaus-Gassner-Str. 795710 Kaprun Telefon: +43 664 441 44 43E-Mail: info@falkenair.com Bankverbindung: Empf\u00e4nger: Falken Air GmbHIban: AT14 3501 2000 0124 4219Bic: RVSAAT2S012Bei \u00dcberweisungen bitte die Bestellnummer angeben. Rechtliches Beh\u00f6rde gem. ECG: Bezirkshauptmannschaft Zell am See Unternehmensgegenstand: Bef\u00f6rderung von Personen und Sachen mit ParagleiternBeh\u00f6rde gem. ECG (E-Commerce Gesetz): Bezirkshauptmannschaft Zell am [&hellip;]\" \/>\n<meta property=\"og:url\" content=\"https:\/\/www.falkenair.com\/fr\/imprimer\/\" \/>\n<meta property=\"og:site_name\" content=\"Falken Air Tandem Paragliding\" \/>\n<meta property=\"article:publisher\" content=\"https:\/\/www.facebook.com\/Falkenair\/\" \/>\n<meta property=\"article:modified_time\" content=\"2025-10-02T12:04:35+00:00\" \/>\n<meta name=\"twitter:card\" content=\"summary_large_image\" \/>\n<meta name=\"twitter:label1\" content=\"Dur\u00e9e de lecture estim\u00e9e\" \/>\n\t<meta name=\"twitter:data1\" content=\"2 minutes\" \/>\n<script type=\"application\/ld+json\" class=\"yoast-schema-graph\">{\"@context\":\"https:\/\/schema.org\",\"@graph\":[{\"@type\":\"WebPage\",\"@id\":\"https:\/\/www.falkenair.com\/impressum\/\",\"url\":\"https:\/\/www.falkenair.com\/impressum\/\",\"name\":\"Impressum - Falken Air Tandem Paragliding\",\"isPartOf\":{\"@id\":\"https:\/\/www.falkenair.com\/#website\"},\"datePublished\":\"2023-11-07T06:26:13+00:00\",\"dateModified\":\"2025-10-02T12:04:35+00:00\",\"breadcrumb\":{\"@id\":\"https:\/\/www.falkenair.com\/impressum\/#breadcrumb\"},\"inLanguage\":\"fr-FR\",\"potentialAction\":[{\"@type\":\"ReadAction\",\"target\":[\"https:\/\/www.falkenair.com\/impressum\/\"]}]},{\"@type\":\"BreadcrumbList\",\"@id\":\"https:\/\/www.falkenair.com\/impressum\/#breadcrumb\",\"itemListElement\":[{\"@type\":\"ListItem\",\"position\":1,\"name\":\"Falken Air\",\"item\":\"https:\/\/www.falkenair.com\/\"},{\"@type\":\"ListItem\",\"position\":2,\"name\":\"Impressum\"}]},{\"@type\":\"WebSite\",\"@id\":\"https:\/\/www.falkenair.com\/#website\",\"url\":\"https:\/\/www.falkenair.com\/\",\"name\":\"Falken Air\",\"description\":\"\",\"publisher\":{\"@id\":\"https:\/\/www.falkenair.com\/#organization\"},\"potentialAction\":[{\"@type\":\"SearchAction\",\"target\":{\"@type\":\"EntryPoint\",\"urlTemplate\":\"https:\/\/www.falkenair.com\/?s={search_term_string}\"},\"query-input\":{\"@type\":\"PropertyValueSpecification\",\"valueRequired\":true,\"valueName\":\"search_term_string\"}}],\"inLanguage\":\"fr-FR\"},{\"@type\":\"Organization\",\"@id\":\"https:\/\/www.falkenair.com\/#organization\",\"name\":\"Falken Air\",\"alternateName\":\"Falken Air Tandem Paragliding\",\"url\":\"https:\/\/www.falkenair.com\/\",\"logo\":{\"@type\":\"ImageObject\",\"inLanguage\":\"fr-FR\",\"@id\":\"https:\/\/www.falkenair.com\/#\/schema\/logo\/image\/\",\"url\":\"https:\/\/www.falkenair.com\/wp-content\/uploads\/2024\/09\/schriftzug-falkenair.svg\",\"contentUrl\":\"https:\/\/www.falkenair.com\/wp-content\/uploads\/2024\/09\/schriftzug-falkenair.svg\",\"width\":585.541,\"height\":91.215,\"caption\":\"Falken Air\"},\"image\":{\"@id\":\"https:\/\/www.falkenair.com\/#\/schema\/logo\/image\/\"},\"sameAs\":[\"https:\/\/www.facebook.com\/Falkenair\/\",\"https:\/\/www.youtube.com\/@falkenair675\",\"https:\/\/www.instagram.com\/falken_air\/\",\"https:\/\/www.tiktok.com\/@falkenair\"]}]}<\/script>\n<!-- \/ Yoast SEO plugin. -->","yoast_head_json":{"title":"Mentions l\u00e9gales - Falken Air Tandem Parapente","robots":{"index":"index","follow":"follow","max-snippet":"max-snippet:-1","max-image-preview":"max-image-preview:large","max-video-preview":"max-video-preview:-1"},"canonical":"https:\/\/www.falkenair.com\/fr\/imprimer\/","og_locale":"fr_FR","og_type":"article","og_title":"Impressum - Falken Air Tandem Paragliding","og_description":"Impressum Kontakt Falken Air GmbHMag. Josef NindlNikolaus-Gassner-Str. 795710 Kaprun Telefon: +43 664 441 44 43E-Mail: info@falkenair.com Bankverbindung: Empf\u00e4nger: Falken Air GmbHIban: AT14 3501 2000 0124 4219Bic: RVSAAT2S012Bei \u00dcberweisungen bitte die Bestellnummer angeben. Rechtliches Beh\u00f6rde gem. ECG: Bezirkshauptmannschaft Zell am See Unternehmensgegenstand: Bef\u00f6rderung von Personen und Sachen mit ParagleiternBeh\u00f6rde gem. ECG (E-Commerce Gesetz): Bezirkshauptmannschaft Zell am [&hellip;]","og_url":"https:\/\/www.falkenair.com\/fr\/imprimer\/","og_site_name":"Falken Air Tandem Paragliding","article_publisher":"https:\/\/www.facebook.com\/Falkenair\/","article_modified_time":"2025-10-02T12:04:35+00:00","twitter_card":"summary_large_image","twitter_misc":{"Dur\u00e9e de lecture estim\u00e9e":"2 minutes"},"schema":{"@context":"https:\/\/schema.org","@graph":[{"@type":"WebPage","@id":"https:\/\/www.falkenair.com\/impressum\/","url":"https:\/\/www.falkenair.com\/impressum\/","name":"Mentions l\u00e9gales - Falken Air Tandem Parapente","isPartOf":{"@id":"https:\/\/www.falkenair.com\/#website"},"datePublished":"2023-11-07T06:26:13+00:00","dateModified":"2025-10-02T12:04:35+00:00","breadcrumb":{"@id":"https:\/\/www.falkenair.com\/impressum\/#breadcrumb"},"inLanguage":"fr-FR","potentialAction":[{"@type":"ReadAction","target":["https:\/\/www.falkenair.com\/impressum\/"]}]},{"@type":"BreadcrumbList","@id":"https:\/\/www.falkenair.com\/impressum\/#breadcrumb","itemListElement":[{"@type":"ListItem","position":1,"name":"Falken Air","item":"https:\/\/www.falkenair.com\/"},{"@type":"ListItem","position":2,"name":"Impressum"}]},{"@type":"WebSite","@id":"https:\/\/www.falkenair.com\/#website","url":"https:\/\/www.falkenair.com\/","name":"FalkenAir","description":"","publisher":{"@id":"https:\/\/www.falkenair.com\/#organization"},"potentialAction":[{"@type":"SearchAction","target":{"@type":"EntryPoint","urlTemplate":"https:\/\/www.falkenair.com\/?s={search_term_string}"},"query-input":{"@type":"PropertyValueSpecification","valueRequired":true,"valueName":"search_term_string"}}],"inLanguage":"fr-FR"},{"@type":"Organization","@id":"https:\/\/www.falkenair.com\/#organization","name":"FalkenAir","alternateName":"Falken Air Tandem Paragliding","url":"https:\/\/www.falkenair.com\/","logo":{"@type":"ImageObject","inLanguage":"fr-FR","@id":"https:\/\/www.falkenair.com\/#\/schema\/logo\/image\/","url":"https:\/\/www.falkenair.com\/wp-content\/uploads\/2024\/09\/schriftzug-falkenair.svg","contentUrl":"https:\/\/www.falkenair.com\/wp-content\/uploads\/2024\/09\/schriftzug-falkenair.svg","width":585.541,"height":91.215,"caption":"Falken Air"},"image":{"@id":"https:\/\/www.falkenair.com\/#\/schema\/logo\/image\/"},"sameAs":["https:\/\/www.facebook.com\/Falkenair\/","https:\/\/www.youtube.com\/@falkenair675","https:\/\/www.instagram.com\/falken_air\/","https:\/\/www.tiktok.com\/@falkenair"]}]}},"_links":{"self":[{"href":"https:\/\/www.falkenair.com\/fr\/wp-json\/wp\/v2\/pages\/6","targetHints":{"allow":["GET"]}}],"collection":[{"href":"https:\/\/www.falkenair.com\/fr\/wp-json\/wp\/v2\/pages"}],"about":[{"href":"https:\/\/www.falkenair.com\/fr\/wp-json\/wp\/v2\/types\/page"}],"author":[{"embeddable":true,"href":"https:\/\/www.falkenair.com\/fr\/wp-json\/wp\/v2\/users\/1"}],"replies":[{"embeddable":true,"href":"https:\/\/www.falkenair.com\/fr\/wp-json\/wp\/v2\/comments?post=6"}],"version-history":[{"count":14,"href":"https:\/\/www.falkenair.com\/fr\/wp-json\/wp\/v2\/pages\/6\/revisions"}],"predecessor-version":[{"id":8225,"href":"https:\/\/www.falkenair.com\/fr\/wp-json\/wp\/v2\/pages\/6\/revisions\/8225"}],"wp:attachment":[{"href":"https:\/\/www.falkenair.com\/fr\/wp-json\/wp\/v2\/media?parent=6"}],"curies":[{"name":"wp","href":"https:\/\/api.w.org\/{rel}","templated":true}]}}