{"id":25,"date":"2023-11-07T07:34:07","date_gmt":"2023-11-07T06:34:07","guid":{"rendered":"https:\/\/www.falkenair.com\/?page_id=25"},"modified":"2025-12-27T09:46:17","modified_gmt":"2025-12-27T08:46:17","slug":"gutschein-bestellen","status":"publish","type":"page","link":"https:\/\/www.falkenair.com\/it\/buono-dordine\/","title":{"rendered":"Buono"},"content":{"rendered":"<div data-elementor-type=\"wp-page\" data-elementor-id=\"25\" class=\"elementor elementor-25\" data-elementor-post-type=\"page\">\n\t\t\t\t<div class=\"elementor-element elementor-element-427bb78b e-con-full e-flex e-con e-parent\" data-id=\"427bb78b\" data-element_type=\"container\" data-settings=\"{&quot;background_background&quot;:&quot;classic&quot;}\">\n\t\t\t\t<div class=\"elementor-element elementor-element-261560e3 elementor-align-center elementor-widget elementor-widget-breadcrumbs\" data-id=\"261560e3\" data-element_type=\"widget\" data-widget_type=\"breadcrumbs.default\">\n\t\t\t\t\t<p id=\"breadcrumbs\"><span><span><a href=\"https:\/\/www.falkenair.com\/it\/\">Falken Air<\/a><\/span><\/span><\/p>\t\t\t\t<\/div>\n\t\t\t\t<\/div>\n\t\t<div class=\"elementor-element elementor-element-6a92997e e-flex e-con-boxed e-con e-parent\" data-id=\"6a92997e\" data-element_type=\"container\">\n\t\t\t\t\t<div class=\"e-con-inner\">\n\t\t<div class=\"elementor-element elementor-element-4e5a63a1 e-con-full e-flex e-con e-child\" data-id=\"4e5a63a1\" data-element_type=\"container\">\n\t\t\t\t<div class=\"elementor-element elementor-element-38234d6b elementor-widget elementor-widget-heading\" data-id=\"38234d6b\" data-element_type=\"widget\" data-widget_type=\"heading.default\">\n\t\t\t\t\t<h2 class=\"elementor-heading-title elementor-size-default\">Buono d&#039;ordine<\/h2>\t\t\t\t<\/div>\n\t\t\t\t<div class=\"elementor-element elementor-element-7e729a1b elementor-widget elementor-widget-heading\" data-id=\"7e729a1b\" data-element_type=\"widget\" data-widget_type=\"heading.default\">\n\t\t\t\t\t<h1 class=\"elementor-heading-title elementor-size-default\">Buoni per parapendio e mongolfiera<\/h1>\t\t\t\t<\/div>\n\t\t\t\t<\/div>\n\t\t<div class=\"elementor-element elementor-element-66eb21e5 e-con-full e-flex e-con e-child\" data-id=\"66eb21e5\" data-element_type=\"container\">\n\t\t\t\t<div class=\"elementor-element elementor-element-26d62cbe elementor-widget elementor-widget-heading\" data-id=\"26d62cbe\" data-element_type=\"widget\" data-widget_type=\"heading.default\">\n\t\t\t\t\t<h3 class=\"elementor-heading-title elementor-size-default\">Vuoi regalare un&#039;esperienza indimenticabile?<\/h3>\t\t\t\t<\/div>\n\t\t\t\t<div class=\"elementor-element elementor-element-5a089dc8 elementor-widget elementor-widget-text-editor\" data-id=\"5a089dc8\" data-element_type=\"widget\" data-widget_type=\"text-editor.default\">\n\t\t\t\t\t\t\t\t\t<p>Ecco la soluzione! Puoi scegliere tra spettacolari voli in tandem e voli in mongolfiera. Riceverai il tuo voucher via e-mail subito dopo aver effettuato l&#039;ordine online, e potrai stamparlo e regalarlo.<\/p><p>Dopo aver effettuato l&#039;ordine, riceverai anche una seconda email con la fattura. Se non trovi nessuna delle due email, \u00e8 nella cartella spam. Se non trovi nessuna delle due email, l&#039;acquisto del voucher non \u00e8 ancora completato; ricomincia semplicemente da capo.\u00a0<\/p><p>Si prega di trasferire immediatamente l&#039;importo sul nostro conto; il pagamento dovr\u00e0 essere effettuato tempestivamente. Se non riceveremo il pagamento entro 48 ore, il buono non sar\u00e0 pi\u00f9 valido e non potr\u00e0 pi\u00f9 essere utilizzato.\u00a0<\/p><p>Se non riesci a trovare l&#039;e-mail con la fattura, trasferisci l&#039;importo del voucher a:<\/p><p><strong>Dati bancari<\/strong>:<br \/>Destinatario: Falken Air GmbH<br \/>Iban: AT14 3501 2000 0124 4219<br \/>Codice: RVSAAT2S012<br \/>Quando si effettua un bonifico bancario, si prega di includere il numero dell&#039;ordine.<\/p><p>Tutte le altre domande sui buoni <a href=\"https:\/\/www.falkenair.com\/it\/domande-e-risposte\/\" target=\"_blank\" rel=\"noopener\">pu\u00f2 essere trovato qui.<\/a><\/p>\t\t\t\t\t\t\t\t<\/div>\n\t\t\t\t<\/div>\n\t\t\t\t\t<\/div>\n\t\t\t\t<\/div>\n\t\t<div class=\"elementor-element elementor-element-73940154 e-flex e-con-boxed e-con e-parent\" data-id=\"73940154\" data-element_type=\"container\">\n\t\t\t\t\t<div class=\"e-con-inner\">\n\t\t\t\t<div class=\"elementor-element elementor-element-6ff03e6a elementor-widget elementor-widget-heading\" data-id=\"6ff03e6a\" data-element_type=\"widget\" data-widget_type=\"heading.default\">\n\t\t\t\t\t<h2 class=\"elementor-heading-title elementor-size-default\">Notare che:<\/h2>\t\t\t\t<\/div>\n\t\t\t\t<div class=\"elementor-element elementor-element-2fcad929 elementor-widget elementor-widget-text-editor\" data-id=\"2fcad929\" data-element_type=\"widget\" data-widget_type=\"text-editor.default\">\n\t\t\t\t\t\t\t\t\t<ul><li>I buoni sono concepiti come buoni regalo e non come pagamento per voli in partenza tra pochi giorni. A questo scopo \u00e8 sufficiente un normale [buono]. <a href=\"https:\/\/www.falkenair.com\/it\/prenotare-un-appuntamento\/\">Prenotazione del volo<\/a><\/li><li>I buoni per il parapendio in tandem possono essere utilizzati solo nell&#039;area di volo di Zell am See e solo durante gli orari di apertura delle ferrovie di montagna.<\/li><li>Il buono non pu\u00f2 essere convertito in denaro, nemmeno in caso di rinvio o annullamento dovuto alle condizioni meteorologiche.<\/li><li>I saldi rimanenti non possono essere convertiti in denaro, ma possono essere utilizzati per una nuova prenotazione (i saldi rimanenti si verificano, ad esempio, se con un voucher per un volo Superior \u00e8 possibile effettuare solo un volo Classic a causa della mancanza di termiche).<\/li><li>Non \u00e8 possibile scambiare i voucher per il volo in parapendio in tandem con voucher per il volo in mongolfiera o viceversa.<\/li><li>La validit\u00e0 \u00e8 di 36 mesi. I dettagli possono essere trovati nel <a href=\"https:\/\/www.falkenair.com\/it\/condizioni\/\">Termini e Condizioni<\/a><\/li><\/ul>\t\t\t\t\t\t\t\t<\/div>\n\t\t\t\t\t<\/div>\n\t\t\t\t<\/div>\n\t\t<div class=\"elementor-element elementor-element-63b0ad3 e-flex e-con-boxed e-con e-parent\" data-id=\"63b0ad3\" data-element_type=\"container\">\n\t\t\t\t\t<div class=\"e-con-inner\">\n\t\t\t\t<div class=\"elementor-element elementor-element-e233b6d elementor-widget elementor-widget-html\" data-id=\"e233b6d\" data-element_type=\"widget\" data-no-translation=\"\" data-widget_type=\"html.default\">\n\t\t\t\t\t<style>.elementor-element-e233b6d{display:none !important}<\/style>\t\t\t\t<\/div>\n\t\t\t\t<div class=\"elementor-element elementor-element-15b1af7 elementor-widget elementor-widget-html\" data-id=\"15b1af7\" data-element_type=\"widget\" data-widget_type=\"html.default\">\n\t\t\t\t\t<div id=\"myIncertIframe\"><\/div>\n<script type=\"text\/javascript\">\n!function(i,n,c,e,r,t,s,h,o,p){\n i[e]=i[e]||function(){(i[e].q=i[e].q||[]).push([].slice.call(arguments))},\n p=n.createElement(c),p.src=r,\n p.onload=function(){IncertClass.n=e,incertIframe(t,s,h)},n.head.appendChild(p)\n}(window, document, \"SCRIPT\", \"inc\",\n\"https:\/\/myincert.com\/public\/api\/incertClient.js\", \"myIncertIframe\",\n \"https:\/\/dasfalkenstein.traumgutscheine.com?sub_shop_id=29\/start.php?incertframe=new&language=en\");\n<\/script>\t\t\t\t<\/div>\n\t\t\t\t<div class=\"elementor-element elementor-element-849581d elementor-widget elementor-widget-html\" data-id=\"849581d\" data-element_type=\"widget\" data-no-translation=\"\" data-widget_type=\"html.default\">\n\t\t\t\t\t<style>.elementor-element-849581d{display:none !important}<\/style>\t\t\t\t<\/div>\n\t\t\t\t\t<\/div>\n\t\t\t\t<\/div>\n\t\t\t\t<\/div>","protected":false},"excerpt":{"rendered":"<p>Ordina un buono regalo! Buoni per parapendio e mongolfiera. Vuoi regalare un&#039;esperienza indimenticabile? Ecco la soluzione! Puoi scegliere tra spettacolari voli in tandem e voli in mongolfiera. Riceverai il tuo buono via e-mail subito dopo l&#039;ordine online, che potrai stampare e regalare. Dopo l&#039;ordine, riceverai anche una seconda e-mail con la fattura. [\u2026]<\/p>","protected":false},"author":1,"featured_media":0,"parent":0,"menu_order":18,"comment_status":"closed","ping_status":"closed","template":"","meta":{"footnotes":""},"class_list":["post-25","page","type-page","status-publish","hentry"],"yoast_head":"<!-- This site is optimized with the Yoast SEO plugin v26.1.1 - https:\/\/yoast.com\/wordpress\/plugins\/seo\/ -->\n<title>Tandem Paragliding Gutscheine online kaufen - Falken Air<\/title>\n<meta name=\"description\" content=\"Falken Air Gutscheine \u2713 F\u00fcr Paragliding \u2713 F\u00fcr Ballonfahren \u2713 Unvergessliche Erlebnisse verschenken \u00bb Jetzt Gutschein online kaufen!\" \/>\n<meta name=\"robots\" content=\"index, follow, max-snippet:-1, max-image-preview:large, max-video-preview:-1\" \/>\n<link rel=\"canonical\" href=\"https:\/\/www.falkenair.com\/it\/buono-dordine\/\" \/>\n<meta property=\"og:locale\" content=\"it_IT\" \/>\n<meta property=\"og:type\" content=\"article\" \/>\n<meta property=\"og:title\" content=\"Tandem Paragliding Gutscheine online kaufen - Falken Air\" \/>\n<meta property=\"og:description\" content=\"Falken Air Gutscheine \u2713 F\u00fcr Paragliding \u2713 F\u00fcr Ballonfahren \u2713 Unvergessliche Erlebnisse verschenken \u00bb Jetzt Gutschein online kaufen!\" \/>\n<meta property=\"og:url\" content=\"https:\/\/www.falkenair.com\/it\/buono-dordine\/\" \/>\n<meta property=\"og:site_name\" content=\"Falken Air Tandem Paragliding\" \/>\n<meta property=\"article:publisher\" content=\"https:\/\/www.facebook.com\/Falkenair\/\" \/>\n<meta property=\"article:modified_time\" content=\"2025-12-27T08:46:17+00:00\" \/>\n<meta name=\"twitter:card\" content=\"summary_large_image\" \/>\n<meta name=\"twitter:label1\" content=\"Tempo di lettura stimato\" \/>\n\t<meta name=\"twitter:data1\" content=\"2 minuti\" \/>\n<script type=\"application\/ld+json\" class=\"yoast-schema-graph\">{\"@context\":\"https:\/\/schema.org\",\"@graph\":[{\"@type\":\"WebPage\",\"@id\":\"https:\/\/www.falkenair.com\/gutschein-bestellen\/\",\"url\":\"https:\/\/www.falkenair.com\/gutschein-bestellen\/\",\"name\":\"Tandem Paragliding Gutscheine online kaufen - Falken Air\",\"isPartOf\":{\"@id\":\"https:\/\/www.falkenair.com\/#website\"},\"datePublished\":\"2023-11-07T06:34:07+00:00\",\"dateModified\":\"2025-12-27T08:46:17+00:00\",\"description\":\"Falken Air Gutscheine \u2713 F\u00fcr Paragliding \u2713 F\u00fcr Ballonfahren \u2713 Unvergessliche Erlebnisse verschenken \u00bb Jetzt Gutschein online kaufen!\",\"breadcrumb\":{\"@id\":\"https:\/\/www.falkenair.com\/gutschein-bestellen\/#breadcrumb\"},\"inLanguage\":\"it-IT\",\"potentialAction\":[{\"@type\":\"ReadAction\",\"target\":[\"https:\/\/www.falkenair.com\/gutschein-bestellen\/\"]}]},{\"@type\":\"BreadcrumbList\",\"@id\":\"https:\/\/www.falkenair.com\/gutschein-bestellen\/#breadcrumb\",\"itemListElement\":[{\"@type\":\"ListItem\",\"position\":1,\"name\":\"Falken Air\",\"item\":\"https:\/\/www.falkenair.com\/\"},{\"@type\":\"ListItem\",\"position\":2,\"name\":\"Gutschein\"}]},{\"@type\":\"WebSite\",\"@id\":\"https:\/\/www.falkenair.com\/#website\",\"url\":\"https:\/\/www.falkenair.com\/\",\"name\":\"Falken Air\",\"description\":\"\",\"publisher\":{\"@id\":\"https:\/\/www.falkenair.com\/#organization\"},\"potentialAction\":[{\"@type\":\"SearchAction\",\"target\":{\"@type\":\"EntryPoint\",\"urlTemplate\":\"https:\/\/www.falkenair.com\/?s={search_term_string}\"},\"query-input\":{\"@type\":\"PropertyValueSpecification\",\"valueRequired\":true,\"valueName\":\"search_term_string\"}}],\"inLanguage\":\"it-IT\"},{\"@type\":\"Organization\",\"@id\":\"https:\/\/www.falkenair.com\/#organization\",\"name\":\"Falken Air\",\"alternateName\":\"Falken Air Tandem Paragliding\",\"url\":\"https:\/\/www.falkenair.com\/\",\"logo\":{\"@type\":\"ImageObject\",\"inLanguage\":\"it-IT\",\"@id\":\"https:\/\/www.falkenair.com\/#\/schema\/logo\/image\/\",\"url\":\"https:\/\/www.falkenair.com\/wp-content\/uploads\/2024\/09\/schriftzug-falkenair.svg\",\"contentUrl\":\"https:\/\/www.falkenair.com\/wp-content\/uploads\/2024\/09\/schriftzug-falkenair.svg\",\"width\":585.541,\"height\":91.215,\"caption\":\"Falken Air\"},\"image\":{\"@id\":\"https:\/\/www.falkenair.com\/#\/schema\/logo\/image\/\"},\"sameAs\":[\"https:\/\/www.facebook.com\/Falkenair\/\",\"https:\/\/www.youtube.com\/@falkenair675\",\"https:\/\/www.instagram.com\/falken_air\/\",\"https:\/\/www.tiktok.com\/@falkenair\"]}]}<\/script>\n<!-- \/ Yoast SEO plugin. -->","yoast_head_json":{"title":"Acquista online buoni per parapendio biposto - Falken Air","description":"Buoni Falken Air \u2713 Per il parapendio \u2713 Per il volo in mongolfiera \u2713 Regala esperienze indimenticabili \u00bb Acquista subito un buono online!","robots":{"index":"index","follow":"follow","max-snippet":"max-snippet:-1","max-image-preview":"max-image-preview:large","max-video-preview":"max-video-preview:-1"},"canonical":"https:\/\/www.falkenair.com\/it\/buono-dordine\/","og_locale":"it_IT","og_type":"article","og_title":"Tandem Paragliding Gutscheine online kaufen - Falken Air","og_description":"Falken Air Gutscheine \u2713 F\u00fcr Paragliding \u2713 F\u00fcr Ballonfahren \u2713 Unvergessliche Erlebnisse verschenken \u00bb Jetzt Gutschein online kaufen!","og_url":"https:\/\/www.falkenair.com\/it\/buono-dordine\/","og_site_name":"Falken Air Tandem Paragliding","article_publisher":"https:\/\/www.facebook.com\/Falkenair\/","article_modified_time":"2025-12-27T08:46:17+00:00","twitter_card":"summary_large_image","twitter_misc":{"Tempo di lettura stimato":"2 minuti"},"schema":{"@context":"https:\/\/schema.org","@graph":[{"@type":"WebPage","@id":"https:\/\/www.falkenair.com\/gutschein-bestellen\/","url":"https:\/\/www.falkenair.com\/gutschein-bestellen\/","name":"Acquista online buoni per parapendio biposto - Falken Air","isPartOf":{"@id":"https:\/\/www.falkenair.com\/#website"},"datePublished":"2023-11-07T06:34:07+00:00","dateModified":"2025-12-27T08:46:17+00:00","description":"Buoni Falken Air \u2713 Per il parapendio \u2713 Per il volo in mongolfiera \u2713 Regala esperienze indimenticabili \u00bb Acquista subito un buono online!","breadcrumb":{"@id":"https:\/\/www.falkenair.com\/gutschein-bestellen\/#breadcrumb"},"inLanguage":"it-IT","potentialAction":[{"@type":"ReadAction","target":["https:\/\/www.falkenair.com\/gutschein-bestellen\/"]}]},{"@type":"BreadcrumbList","@id":"https:\/\/www.falkenair.com\/gutschein-bestellen\/#breadcrumb","itemListElement":[{"@type":"ListItem","position":1,"name":"Falken Air","item":"https:\/\/www.falkenair.com\/"},{"@type":"ListItem","position":2,"name":"Gutschein"}]},{"@type":"WebSite","@id":"https:\/\/www.falkenair.com\/#website","url":"https:\/\/www.falkenair.com\/","name":"Falken Air","description":"","publisher":{"@id":"https:\/\/www.falkenair.com\/#organization"},"potentialAction":[{"@type":"SearchAction","target":{"@type":"EntryPoint","urlTemplate":"https:\/\/www.falkenair.com\/?s={search_term_string}"},"query-input":{"@type":"PropertyValueSpecification","valueRequired":true,"valueName":"search_term_string"}}],"inLanguage":"it-IT"},{"@type":"Organization","@id":"https:\/\/www.falkenair.com\/#organization","name":"Falken Air","alternateName":"Falken Air Tandem Paragliding","url":"https:\/\/www.falkenair.com\/","logo":{"@type":"ImageObject","inLanguage":"it-IT","@id":"https:\/\/www.falkenair.com\/#\/schema\/logo\/image\/","url":"https:\/\/www.falkenair.com\/wp-content\/uploads\/2024\/09\/schriftzug-falkenair.svg","contentUrl":"https:\/\/www.falkenair.com\/wp-content\/uploads\/2024\/09\/schriftzug-falkenair.svg","width":585.541,"height":91.215,"caption":"Falken Air"},"image":{"@id":"https:\/\/www.falkenair.com\/#\/schema\/logo\/image\/"},"sameAs":["https:\/\/www.facebook.com\/Falkenair\/","https:\/\/www.youtube.com\/@falkenair675","https:\/\/www.instagram.com\/falken_air\/","https:\/\/www.tiktok.com\/@falkenair"]}]}},"_links":{"self":[{"href":"https:\/\/www.falkenair.com\/it\/wp-json\/wp\/v2\/pages\/25","targetHints":{"allow":["GET"]}}],"collection":[{"href":"https:\/\/www.falkenair.com\/it\/wp-json\/wp\/v2\/pages"}],"about":[{"href":"https:\/\/www.falkenair.com\/it\/wp-json\/wp\/v2\/types\/page"}],"author":[{"embeddable":true,"href":"https:\/\/www.falkenair.com\/it\/wp-json\/wp\/v2\/users\/1"}],"replies":[{"embeddable":true,"href":"https:\/\/www.falkenair.com\/it\/wp-json\/wp\/v2\/comments?post=25"}],"version-history":[{"count":5,"href":"https:\/\/www.falkenair.com\/it\/wp-json\/wp\/v2\/pages\/25\/revisions"}],"predecessor-version":[{"id":9032,"href":"https:\/\/www.falkenair.com\/it\/wp-json\/wp\/v2\/pages\/25\/revisions\/9032"}],"wp:attachment":[{"href":"https:\/\/www.falkenair.com\/it\/wp-json\/wp\/v2\/media?parent=25"}],"curies":[{"name":"parola chiave","href":"https:\/\/api.w.org\/{rel}","templated":true}]}}