{"id":6,"date":"2023-11-07T07:26:13","date_gmt":"2023-11-07T06:26:13","guid":{"rendered":"https:\/\/www.falkenair.com\/?page_id=6"},"modified":"2025-10-02T14:04:35","modified_gmt":"2025-10-02T12:04:35","slug":"impressum","status":"publish","type":"page","link":"https:\/\/www.falkenair.com\/it\/impronta\/","title":{"rendered":"impronta"},"content":{"rendered":"<div data-elementor-type=\"wp-page\" data-elementor-id=\"6\" class=\"elementor elementor-6\" data-elementor-post-type=\"page\">\n\t\t\t\t<div class=\"elementor-element elementor-element-69cde8c7 e-con-full e-flex e-con e-parent\" data-id=\"69cde8c7\" data-element_type=\"container\" data-settings=\"{&quot;background_background&quot;:&quot;classic&quot;}\">\n\t\t\t\t<div class=\"elementor-element elementor-element-6bb13a3d elementor-align-left elementor-widget elementor-widget-breadcrumbs\" data-id=\"6bb13a3d\" data-element_type=\"widget\" data-widget_type=\"breadcrumbs.default\">\n\t\t\t\t\t<p id=\"breadcrumbs\"><span><span><a href=\"https:\/\/www.falkenair.com\/it\/\">Falken Air<\/a><\/span><\/span><\/p>\t\t\t\t<\/div>\n\t\t\t\t<\/div>\n\t\t<div class=\"elementor-element elementor-element-447bd6a0 e-flex e-con-boxed e-con e-parent\" data-id=\"447bd6a0\" data-element_type=\"container\">\n\t\t\t\t\t<div class=\"e-con-inner\">\n\t\t\t\t<div class=\"elementor-element elementor-element-33b7f1ee elementor-widget elementor-widget-heading\" data-id=\"33b7f1ee\" data-element_type=\"widget\" data-widget_type=\"heading.default\">\n\t\t\t\t\t<h1 class=\"elementor-heading-title elementor-size-default\">impronta<\/h1>\t\t\t\t<\/div>\n\t\t\t\t\t<\/div>\n\t\t\t\t<\/div>\n\t\t<div class=\"elementor-element elementor-element-8aaf7d6 e-flex e-con-boxed e-con e-parent\" data-id=\"8aaf7d6\" data-element_type=\"container\">\n\t\t\t\t\t<div class=\"e-con-inner\">\n\t\t\t\t<div class=\"elementor-element elementor-element-6637406 elementor-widget elementor-widget-text-editor\" data-id=\"6637406\" data-element_type=\"widget\" data-widget_type=\"text-editor.default\">\n\t\t\t\t\t\t\t\t\t<h2>Contatto<\/h2><p>Falken Air GmbH<br \/>Mag. Josef Nindl<br \/>Nikolaus-Gassner-Str. 79<br \/>5710 Kaprun<\/p><p>Telefono: +43 664 441 44 43<br \/>E-mail: <a href=\"mailto:info@falkenair.com\"><strong>info@falkenair.com<\/strong><\/a><\/p><h2><strong>Coordinate bancarie:<\/strong><\/h2><p>Destinatario: Falken Air GmbH<br \/>Iban: AT14 3501 2000 0124 4219<br \/>Codice: RVSAAT2S012<br \/>Quando si effettua un bonifico bancario, si prega di includere il numero dell&#039;ordine.<\/p><h2>Legale<\/h2><p>Autorit\u00e0 secondo l&#039;ECG: Autorit\u00e0 distrettuale di Zell am See<\/p><p>Oggetto della societ\u00e0: Trasporto di persone e cose con il parapendio<br \/>Autorit\u00e0 secondo l&#039;ECG (legge sul commercio elettronico): autorit\u00e0 distrettuale di Zell am See<br \/><a href=\"https:\/\/firmen.wko.at\/mag-rer-soc-oec-josef-johann-nindl-falken-air-tandem-paragliding-zell-am-see\/salzburg\/?firmaid=789a75c4-4f8f-425d-9f70-6863dc9846f2\" target=\"_blank\" rel=\"noopener\"><strong>Informazioni sull&#039;azienda WKO<\/strong><\/a><\/p><h2>Informazioni legali sulla responsabilit\u00e0<\/h2><p>Ci impegniamo a garantire che le informazioni fornite su questo sito Web siano accurate e aggiornate. Tuttavia non si possono escludere errori e ambiguit\u00e0. Pertanto non ci assumiamo alcuna responsabilit\u00e0 per l&#039;attualit\u00e0, l&#039;accuratezza, la completezza o la qualit\u00e0 delle informazioni e dei prezzi forniti. Tutti i prezzi in Euro<\/p><p>Non abbiamo alcuna influenza sui \u201ccontenuti esterni\u201d e non adottiamo questi contenuti come nostri. Non siamo a conoscenza di contenuti illegali o offensivi sui siti collegati di fornitori terzi. Se le pagine collegate di fornitori terzi contengono contenuti illegali o offensivi, prendiamo espressamente le distanze da tali contenuti.<\/p><h2>Informazioni legali sul diritto d&#039;autore<\/h2><p>Il layout della homepage, la grafica utilizzata ed i contenuti sono protetti dal diritto d&#039;autore.<\/p><h2>Immagini<\/h2><p>Josef Nindl<\/p>\t\t\t\t\t\t\t\t<\/div>\n\t\t\t\t\t<\/div>\n\t\t\t\t<\/div>\n\t\t\t\t<\/div>","protected":false},"excerpt":{"rendered":"<p>Impressum Kontakt Falken Air GmbHMag. Josef NindlNikolaus-Gassner-Str. 795710 Kaprun Telefon: +43 664 441 44 43E-Mail: info@falkenair.com Bankverbindung: Empf\u00e4nger: Falken Air GmbHIban: AT14 3501 2000 0124 4219Bic: RVSAAT2S012Bei \u00dcberweisungen bitte die Bestellnummer angeben. Rechtliches Beh\u00f6rde gem. ECG: Bezirkshauptmannschaft Zell am See Unternehmensgegenstand: Bef\u00f6rderung von Personen und Sachen mit ParagleiternBeh\u00f6rde gem. ECG (E-Commerce Gesetz): Bezirkshauptmannschaft Zell am [&hellip;]<\/p>","protected":false},"author":1,"featured_media":0,"parent":0,"menu_order":30,"comment_status":"closed","ping_status":"closed","template":"","meta":{"footnotes":""},"class_list":["post-6","page","type-page","status-publish","hentry"],"yoast_head":"<!-- This site is optimized with the Yoast SEO plugin v26.1.1 - https:\/\/yoast.com\/wordpress\/plugins\/seo\/ -->\n<title>Impressum - Falken Air Tandem Paragliding<\/title>\n<meta name=\"robots\" content=\"index, follow, max-snippet:-1, max-image-preview:large, max-video-preview:-1\" \/>\n<link rel=\"canonical\" href=\"https:\/\/www.falkenair.com\/it\/impronta\/\" \/>\n<meta property=\"og:locale\" content=\"it_IT\" \/>\n<meta property=\"og:type\" content=\"article\" \/>\n<meta property=\"og:title\" content=\"Impressum - Falken Air Tandem Paragliding\" \/>\n<meta property=\"og:description\" content=\"Impressum Kontakt Falken Air GmbHMag. Josef NindlNikolaus-Gassner-Str. 795710 Kaprun Telefon: +43 664 441 44 43E-Mail: info@falkenair.com Bankverbindung: Empf\u00e4nger: Falken Air GmbHIban: AT14 3501 2000 0124 4219Bic: RVSAAT2S012Bei \u00dcberweisungen bitte die Bestellnummer angeben. Rechtliches Beh\u00f6rde gem. ECG: Bezirkshauptmannschaft Zell am See Unternehmensgegenstand: Bef\u00f6rderung von Personen und Sachen mit ParagleiternBeh\u00f6rde gem. ECG (E-Commerce Gesetz): Bezirkshauptmannschaft Zell am [&hellip;]\" \/>\n<meta property=\"og:url\" content=\"https:\/\/www.falkenair.com\/it\/impronta\/\" \/>\n<meta property=\"og:site_name\" content=\"Falken Air Tandem Paragliding\" \/>\n<meta property=\"article:publisher\" content=\"https:\/\/www.facebook.com\/Falkenair\/\" \/>\n<meta property=\"article:modified_time\" content=\"2025-10-02T12:04:35+00:00\" \/>\n<meta name=\"twitter:card\" content=\"summary_large_image\" \/>\n<meta name=\"twitter:label1\" content=\"Tempo di lettura stimato\" \/>\n\t<meta name=\"twitter:data1\" content=\"2 minuti\" \/>\n<script type=\"application\/ld+json\" class=\"yoast-schema-graph\">{\"@context\":\"https:\/\/schema.org\",\"@graph\":[{\"@type\":\"WebPage\",\"@id\":\"https:\/\/www.falkenair.com\/impressum\/\",\"url\":\"https:\/\/www.falkenair.com\/impressum\/\",\"name\":\"Impressum - Falken Air Tandem Paragliding\",\"isPartOf\":{\"@id\":\"https:\/\/www.falkenair.com\/#website\"},\"datePublished\":\"2023-11-07T06:26:13+00:00\",\"dateModified\":\"2025-10-02T12:04:35+00:00\",\"breadcrumb\":{\"@id\":\"https:\/\/www.falkenair.com\/impressum\/#breadcrumb\"},\"inLanguage\":\"it-IT\",\"potentialAction\":[{\"@type\":\"ReadAction\",\"target\":[\"https:\/\/www.falkenair.com\/impressum\/\"]}]},{\"@type\":\"BreadcrumbList\",\"@id\":\"https:\/\/www.falkenair.com\/impressum\/#breadcrumb\",\"itemListElement\":[{\"@type\":\"ListItem\",\"position\":1,\"name\":\"Falken Air\",\"item\":\"https:\/\/www.falkenair.com\/\"},{\"@type\":\"ListItem\",\"position\":2,\"name\":\"Impressum\"}]},{\"@type\":\"WebSite\",\"@id\":\"https:\/\/www.falkenair.com\/#website\",\"url\":\"https:\/\/www.falkenair.com\/\",\"name\":\"Falken Air\",\"description\":\"\",\"publisher\":{\"@id\":\"https:\/\/www.falkenair.com\/#organization\"},\"potentialAction\":[{\"@type\":\"SearchAction\",\"target\":{\"@type\":\"EntryPoint\",\"urlTemplate\":\"https:\/\/www.falkenair.com\/?s={search_term_string}\"},\"query-input\":{\"@type\":\"PropertyValueSpecification\",\"valueRequired\":true,\"valueName\":\"search_term_string\"}}],\"inLanguage\":\"it-IT\"},{\"@type\":\"Organization\",\"@id\":\"https:\/\/www.falkenair.com\/#organization\",\"name\":\"Falken Air\",\"alternateName\":\"Falken Air Tandem Paragliding\",\"url\":\"https:\/\/www.falkenair.com\/\",\"logo\":{\"@type\":\"ImageObject\",\"inLanguage\":\"it-IT\",\"@id\":\"https:\/\/www.falkenair.com\/#\/schema\/logo\/image\/\",\"url\":\"https:\/\/www.falkenair.com\/wp-content\/uploads\/2024\/09\/schriftzug-falkenair.svg\",\"contentUrl\":\"https:\/\/www.falkenair.com\/wp-content\/uploads\/2024\/09\/schriftzug-falkenair.svg\",\"width\":585.541,\"height\":91.215,\"caption\":\"Falken Air\"},\"image\":{\"@id\":\"https:\/\/www.falkenair.com\/#\/schema\/logo\/image\/\"},\"sameAs\":[\"https:\/\/www.facebook.com\/Falkenair\/\",\"https:\/\/www.youtube.com\/@falkenair675\",\"https:\/\/www.instagram.com\/falken_air\/\",\"https:\/\/www.tiktok.com\/@falkenair\"]}]}<\/script>\n<!-- \/ Yoast SEO plugin. -->","yoast_head_json":{"title":"Colophon - Parapendio biposto Falken Air","robots":{"index":"index","follow":"follow","max-snippet":"max-snippet:-1","max-image-preview":"max-image-preview:large","max-video-preview":"max-video-preview:-1"},"canonical":"https:\/\/www.falkenair.com\/it\/impronta\/","og_locale":"it_IT","og_type":"article","og_title":"Impressum - Falken Air Tandem Paragliding","og_description":"Impressum Kontakt Falken Air GmbHMag. Josef NindlNikolaus-Gassner-Str. 795710 Kaprun Telefon: +43 664 441 44 43E-Mail: info@falkenair.com Bankverbindung: Empf\u00e4nger: Falken Air GmbHIban: AT14 3501 2000 0124 4219Bic: RVSAAT2S012Bei \u00dcberweisungen bitte die Bestellnummer angeben. Rechtliches Beh\u00f6rde gem. ECG: Bezirkshauptmannschaft Zell am See Unternehmensgegenstand: Bef\u00f6rderung von Personen und Sachen mit ParagleiternBeh\u00f6rde gem. ECG (E-Commerce Gesetz): Bezirkshauptmannschaft Zell am [&hellip;]","og_url":"https:\/\/www.falkenair.com\/it\/impronta\/","og_site_name":"Falken Air Tandem Paragliding","article_publisher":"https:\/\/www.facebook.com\/Falkenair\/","article_modified_time":"2025-10-02T12:04:35+00:00","twitter_card":"summary_large_image","twitter_misc":{"Tempo di lettura stimato":"2 minuti"},"schema":{"@context":"https:\/\/schema.org","@graph":[{"@type":"WebPage","@id":"https:\/\/www.falkenair.com\/impressum\/","url":"https:\/\/www.falkenair.com\/impressum\/","name":"Colophon - Parapendio biposto Falken Air","isPartOf":{"@id":"https:\/\/www.falkenair.com\/#website"},"datePublished":"2023-11-07T06:26:13+00:00","dateModified":"2025-10-02T12:04:35+00:00","breadcrumb":{"@id":"https:\/\/www.falkenair.com\/impressum\/#breadcrumb"},"inLanguage":"it-IT","potentialAction":[{"@type":"ReadAction","target":["https:\/\/www.falkenair.com\/impressum\/"]}]},{"@type":"BreadcrumbList","@id":"https:\/\/www.falkenair.com\/impressum\/#breadcrumb","itemListElement":[{"@type":"ListItem","position":1,"name":"Falken Air","item":"https:\/\/www.falkenair.com\/"},{"@type":"ListItem","position":2,"name":"Impressum"}]},{"@type":"WebSite","@id":"https:\/\/www.falkenair.com\/#website","url":"https:\/\/www.falkenair.com\/","name":"Falken Air","description":"","publisher":{"@id":"https:\/\/www.falkenair.com\/#organization"},"potentialAction":[{"@type":"SearchAction","target":{"@type":"EntryPoint","urlTemplate":"https:\/\/www.falkenair.com\/?s={search_term_string}"},"query-input":{"@type":"PropertyValueSpecification","valueRequired":true,"valueName":"search_term_string"}}],"inLanguage":"it-IT"},{"@type":"Organization","@id":"https:\/\/www.falkenair.com\/#organization","name":"Falken Air","alternateName":"Falken Air Tandem Paragliding","url":"https:\/\/www.falkenair.com\/","logo":{"@type":"ImageObject","inLanguage":"it-IT","@id":"https:\/\/www.falkenair.com\/#\/schema\/logo\/image\/","url":"https:\/\/www.falkenair.com\/wp-content\/uploads\/2024\/09\/schriftzug-falkenair.svg","contentUrl":"https:\/\/www.falkenair.com\/wp-content\/uploads\/2024\/09\/schriftzug-falkenair.svg","width":585.541,"height":91.215,"caption":"Falken Air"},"image":{"@id":"https:\/\/www.falkenair.com\/#\/schema\/logo\/image\/"},"sameAs":["https:\/\/www.facebook.com\/Falkenair\/","https:\/\/www.youtube.com\/@falkenair675","https:\/\/www.instagram.com\/falken_air\/","https:\/\/www.tiktok.com\/@falkenair"]}]}},"_links":{"self":[{"href":"https:\/\/www.falkenair.com\/it\/wp-json\/wp\/v2\/pages\/6","targetHints":{"allow":["GET"]}}],"collection":[{"href":"https:\/\/www.falkenair.com\/it\/wp-json\/wp\/v2\/pages"}],"about":[{"href":"https:\/\/www.falkenair.com\/it\/wp-json\/wp\/v2\/types\/page"}],"author":[{"embeddable":true,"href":"https:\/\/www.falkenair.com\/it\/wp-json\/wp\/v2\/users\/1"}],"replies":[{"embeddable":true,"href":"https:\/\/www.falkenair.com\/it\/wp-json\/wp\/v2\/comments?post=6"}],"version-history":[{"count":14,"href":"https:\/\/www.falkenair.com\/it\/wp-json\/wp\/v2\/pages\/6\/revisions"}],"predecessor-version":[{"id":8225,"href":"https:\/\/www.falkenair.com\/it\/wp-json\/wp\/v2\/pages\/6\/revisions\/8225"}],"wp:attachment":[{"href":"https:\/\/www.falkenair.com\/it\/wp-json\/wp\/v2\/media?parent=6"}],"curies":[{"name":"parola chiave","href":"https:\/\/api.w.org\/{rel}","templated":true}]}}