{"id":25,"date":"2023-11-07T07:34:07","date_gmt":"2023-11-07T06:34:07","guid":{"rendered":"https:\/\/www.falkenair.com\/?page_id=25"},"modified":"2025-12-27T09:46:17","modified_gmt":"2025-12-27T08:46:17","slug":"gutschein-bestellen","status":"publish","type":"page","link":"https:\/\/www.falkenair.com\/nl\/bestelbon\/","title":{"rendered":"Kadobon"},"content":{"rendered":"<div data-elementor-type=\"wp-page\" data-elementor-id=\"25\" class=\"elementor elementor-25\" data-elementor-post-type=\"page\">\n\t\t\t\t<div class=\"elementor-element elementor-element-427bb78b e-con-full e-flex e-con e-parent\" data-id=\"427bb78b\" data-element_type=\"container\" data-settings=\"{&quot;background_background&quot;:&quot;classic&quot;}\">\n\t\t\t\t<div class=\"elementor-element elementor-element-261560e3 elementor-align-center elementor-widget elementor-widget-breadcrumbs\" data-id=\"261560e3\" data-element_type=\"widget\" data-widget_type=\"breadcrumbs.default\">\n\t\t\t\t\t<p id=\"breadcrumbs\"><span><span><a href=\"https:\/\/www.falkenair.com\/nl\/\">Falken Air<\/a><\/span><\/span><\/p>\t\t\t\t<\/div>\n\t\t\t\t<\/div>\n\t\t<div class=\"elementor-element elementor-element-6a92997e e-flex e-con-boxed e-con e-parent\" data-id=\"6a92997e\" data-element_type=\"container\">\n\t\t\t\t\t<div class=\"e-con-inner\">\n\t\t<div class=\"elementor-element elementor-element-4e5a63a1 e-con-full e-flex e-con e-child\" data-id=\"4e5a63a1\" data-element_type=\"container\">\n\t\t\t\t<div class=\"elementor-element elementor-element-38234d6b elementor-widget elementor-widget-heading\" data-id=\"38234d6b\" data-element_type=\"widget\" data-widget_type=\"heading.default\">\n\t\t\t\t\t<h2 class=\"elementor-heading-title elementor-size-default\">Voucher bestellen<\/h2>\t\t\t\t<\/div>\n\t\t\t\t<div class=\"elementor-element elementor-element-7e729a1b elementor-widget elementor-widget-heading\" data-id=\"7e729a1b\" data-element_type=\"widget\" data-widget_type=\"heading.default\">\n\t\t\t\t\t<h1 class=\"elementor-heading-title elementor-size-default\">Vouchers voor paragliden en ballonvaren<\/h1>\t\t\t\t<\/div>\n\t\t\t\t<\/div>\n\t\t<div class=\"elementor-element elementor-element-66eb21e5 e-con-full e-flex e-con e-child\" data-id=\"66eb21e5\" data-element_type=\"container\">\n\t\t\t\t<div class=\"elementor-element elementor-element-26d62cbe elementor-widget elementor-widget-heading\" data-id=\"26d62cbe\" data-element_type=\"widget\" data-widget_type=\"heading.default\">\n\t\t\t\t\t<h3 class=\"elementor-heading-title elementor-size-default\">Wil je een onvergetelijke ervaring kado geven?<\/h3>\t\t\t\t<\/div>\n\t\t\t\t<div class=\"elementor-element elementor-element-5a089dc8 elementor-widget elementor-widget-text-editor\" data-id=\"5a089dc8\" data-element_type=\"widget\" data-widget_type=\"text-editor.default\">\n\t\t\t\t\t\t\t\t\t<p>Hier is de oplossing! Je kunt kiezen uit spectaculaire tandemvluchten en ballonvaarten. Je ontvangt je voucher direct na je online bestelling per e-mail, die je vervolgens kunt uitprinten en cadeau kunt doen.<\/p><p>Na het plaatsen van uw bestelling ontvangt u ook een tweede e-mail met de factuur. Als u geen van beide e-mails vindt, bevindt deze zich in uw spammap. Als u geen van beide e-mails vindt, is uw aankoop van de voucher nog niet voltooid; begin dan gewoon opnieuw.\u00a0<\/p><p>Maak het bedrag zo snel mogelijk over naar onze rekening; de betaling dient spoedig te geschieden. Indien wij de betaling niet binnen 48 uur ontvangen, vervalt de voucher en kan deze niet meer worden ingewisseld.\u00a0<\/p><p>Indien u de e-mail met de factuur niet kunt vinden, kunt u het bedrag van de voucher overmaken naar:<\/p><p><strong>Bankgegevens<\/strong>:<br \/>Ontvanger: Falken Air GmbH<br \/>Iban: AT14 3501 2000 0124 4219<br \/>Bic: RVSAAT2S012<br \/>Bij bankoverschrijvingen dient u het ordernummer te vermelden.<\/p><p>Alle verdere vragen over vouchers <a href=\"https:\/\/www.falkenair.com\/nl\/vragen-en-antwoorden\/\" target=\"_blank\" rel=\"noopener\">kan hier gevonden worden.<\/a><\/p>\t\t\t\t\t\t\t\t<\/div>\n\t\t\t\t<\/div>\n\t\t\t\t\t<\/div>\n\t\t\t\t<\/div>\n\t\t<div class=\"elementor-element elementor-element-73940154 e-flex e-con-boxed e-con e-parent\" data-id=\"73940154\" data-element_type=\"container\">\n\t\t\t\t\t<div class=\"e-con-inner\">\n\t\t\t\t<div class=\"elementor-element elementor-element-6ff03e6a elementor-widget elementor-widget-heading\" data-id=\"6ff03e6a\" data-element_type=\"widget\" data-widget_type=\"heading.default\">\n\t\t\t\t\t<h2 class=\"elementor-heading-title elementor-size-default\">Let op:<\/h2>\t\t\t\t<\/div>\n\t\t\t\t<div class=\"elementor-element elementor-element-2fcad929 elementor-widget elementor-widget-text-editor\" data-id=\"2fcad929\" data-element_type=\"widget\" data-widget_type=\"text-editor.default\">\n\t\t\t\t\t\t\t\t\t<ul><li>Vouchers zijn bedoeld als cadeaubonnen en niet als betaalmiddel voor vluchten die over een paar dagen vertrekken. Een gewone [voucher] volstaat daarvoor. <a href=\"https:\/\/www.falkenair.com\/nl\/boek-reserveren\/\">Vluchtboeking<\/a><\/li><li>Vouchers voor tandemparagliding kunnen alleen worden ingewisseld in het vlieggebied Zell am See en alleen tijdens de openingstijden van de bergbahn.<\/li><li>De voucher kan niet worden ingewisseld voor contant geld, zelfs niet in geval van uitstel of annulering vanwege weersomstandigheden.<\/li><li>Resterende tegoeden kunnen niet worden ingewisseld voor contant geld, maar kunnen wel worden gebruikt voor een nieuwe boeking (resterende tegoeden ontstaan bijvoorbeeld als met een Superior-vluchtvoucher alleen een Classic-vlucht kan worden uitgevoerd vanwege een gebrek aan thermiek).<\/li><li>Het is niet mogelijk om vouchers voor tandemparagliding in te wisselen voor vouchers voor een ballonvaart, of andersom.<\/li><li>De geldigheidsduur is 36 maanden. Details vindt u in de <a href=\"https:\/\/www.falkenair.com\/nl\/voorwaarden\/\">Algemene voorwaarden<\/a><\/li><\/ul>\t\t\t\t\t\t\t\t<\/div>\n\t\t\t\t\t<\/div>\n\t\t\t\t<\/div>\n\t\t<div class=\"elementor-element elementor-element-63b0ad3 e-flex e-con-boxed e-con e-parent\" data-id=\"63b0ad3\" data-element_type=\"container\">\n\t\t\t\t\t<div class=\"e-con-inner\">\n\t\t\t\t<div class=\"elementor-element elementor-element-e233b6d elementor-widget elementor-widget-html\" data-id=\"e233b6d\" data-element_type=\"widget\" data-no-translation=\"\" data-widget_type=\"html.default\">\n\t\t\t\t\t<style>.elementor-element-e233b6d{display:none !important}<\/style>\t\t\t\t<\/div>\n\t\t\t\t<div class=\"elementor-element elementor-element-15b1af7 elementor-widget elementor-widget-html\" data-id=\"15b1af7\" data-element_type=\"widget\" data-widget_type=\"html.default\">\n\t\t\t\t\t<div id=\"myIncertIframe\"><\/div>\n<script type=\"text\/javascript\">\n!function(i,n,c,e,r,t,s,h,o,p){\n i[e]=i[e]||function(){(i[e].q=i[e].q||[]).push([].slice.call(arguments))},\n p=n.createElement(c),p.src=r,\n p.onload=function(){IncertClass.n=e,incertIframe(t,s,h)},n.head.appendChild(p)\n}(window, document, \"SCRIPT\", \"inc\",\n\"https:\/\/myincert.com\/public\/api\/incertClient.js\", \"myIncertIframe\",\n \"https:\/\/dasfalkenstein.traumgutscheine.com?sub_shop_id=29\/start.php?incertframe=new&language=en\");\n<\/script>\t\t\t\t<\/div>\n\t\t\t\t<div class=\"elementor-element elementor-element-849581d elementor-widget elementor-widget-html\" data-id=\"849581d\" data-element_type=\"widget\" data-no-translation=\"\" data-widget_type=\"html.default\">\n\t\t\t\t\t<style>.elementor-element-849581d{display:none !important}<\/style>\t\t\t\t<\/div>\n\t\t\t\t\t<\/div>\n\t\t\t\t<\/div>\n\t\t\t\t<\/div>","protected":false},"excerpt":{"rendered":"<p>Gutschein bestellen Gutscheine f\u00fcr Paragliding und Ballonfahren Du m\u00f6chtest ein unvergessliches Erlebnis verschenken? Hier kommt die L\u00f6sung! Du kannst zwischen spektakul\u00e4ren Tandemfl\u00fcgen und Ballonfahrten w\u00e4hlen. Deinen Gutschein bekommst du sofort nach der Online Bestellung per Mail und du kannst ihn ausdrucken und verschenken. Nach der Bestellung erh\u00e4ltst du auch ein 2. Mail mit der Rechnung. [&hellip;]<\/p>","protected":false},"author":1,"featured_media":0,"parent":0,"menu_order":18,"comment_status":"closed","ping_status":"closed","template":"","meta":{"footnotes":""},"class_list":["post-25","page","type-page","status-publish","hentry"],"yoast_head":"<!-- This site is optimized with the Yoast SEO plugin v26.1.1 - https:\/\/yoast.com\/wordpress\/plugins\/seo\/ -->\n<title>Tandem Paragliding Gutscheine online kaufen - Falken Air<\/title>\n<meta name=\"description\" content=\"Falken Air Gutscheine \u2713 F\u00fcr Paragliding \u2713 F\u00fcr Ballonfahren \u2713 Unvergessliche Erlebnisse verschenken \u00bb Jetzt Gutschein online kaufen!\" \/>\n<meta name=\"robots\" content=\"index, follow, max-snippet:-1, max-image-preview:large, max-video-preview:-1\" \/>\n<link rel=\"canonical\" href=\"https:\/\/www.falkenair.com\/nl\/bestelbon\/\" \/>\n<meta property=\"og:locale\" content=\"nl_NL\" \/>\n<meta property=\"og:type\" content=\"article\" \/>\n<meta property=\"og:title\" content=\"Tandem Paragliding Gutscheine online kaufen - Falken Air\" \/>\n<meta property=\"og:description\" content=\"Falken Air Gutscheine \u2713 F\u00fcr Paragliding \u2713 F\u00fcr Ballonfahren \u2713 Unvergessliche Erlebnisse verschenken \u00bb Jetzt Gutschein online kaufen!\" \/>\n<meta property=\"og:url\" content=\"https:\/\/www.falkenair.com\/nl\/bestelbon\/\" \/>\n<meta property=\"og:site_name\" content=\"Falken Air Tandem Paragliding\" \/>\n<meta property=\"article:publisher\" content=\"https:\/\/www.facebook.com\/Falkenair\/\" \/>\n<meta property=\"article:modified_time\" content=\"2025-12-27T08:46:17+00:00\" \/>\n<meta name=\"twitter:card\" content=\"summary_large_image\" \/>\n<meta name=\"twitter:label1\" content=\"Geschatte leestijd\" \/>\n\t<meta name=\"twitter:data1\" content=\"2 minuten\" \/>\n<script type=\"application\/ld+json\" class=\"yoast-schema-graph\">{\"@context\":\"https:\/\/schema.org\",\"@graph\":[{\"@type\":\"WebPage\",\"@id\":\"https:\/\/www.falkenair.com\/gutschein-bestellen\/\",\"url\":\"https:\/\/www.falkenair.com\/gutschein-bestellen\/\",\"name\":\"Tandem Paragliding Gutscheine online kaufen - Falken Air\",\"isPartOf\":{\"@id\":\"https:\/\/www.falkenair.com\/#website\"},\"datePublished\":\"2023-11-07T06:34:07+00:00\",\"dateModified\":\"2025-12-27T08:46:17+00:00\",\"description\":\"Falken Air Gutscheine \u2713 F\u00fcr Paragliding \u2713 F\u00fcr Ballonfahren \u2713 Unvergessliche Erlebnisse verschenken \u00bb Jetzt Gutschein online kaufen!\",\"breadcrumb\":{\"@id\":\"https:\/\/www.falkenair.com\/gutschein-bestellen\/#breadcrumb\"},\"inLanguage\":\"nl-NL\",\"potentialAction\":[{\"@type\":\"ReadAction\",\"target\":[\"https:\/\/www.falkenair.com\/gutschein-bestellen\/\"]}]},{\"@type\":\"BreadcrumbList\",\"@id\":\"https:\/\/www.falkenair.com\/gutschein-bestellen\/#breadcrumb\",\"itemListElement\":[{\"@type\":\"ListItem\",\"position\":1,\"name\":\"Falken Air\",\"item\":\"https:\/\/www.falkenair.com\/\"},{\"@type\":\"ListItem\",\"position\":2,\"name\":\"Gutschein\"}]},{\"@type\":\"WebSite\",\"@id\":\"https:\/\/www.falkenair.com\/#website\",\"url\":\"https:\/\/www.falkenair.com\/\",\"name\":\"Falken Air\",\"description\":\"\",\"publisher\":{\"@id\":\"https:\/\/www.falkenair.com\/#organization\"},\"potentialAction\":[{\"@type\":\"SearchAction\",\"target\":{\"@type\":\"EntryPoint\",\"urlTemplate\":\"https:\/\/www.falkenair.com\/?s={search_term_string}\"},\"query-input\":{\"@type\":\"PropertyValueSpecification\",\"valueRequired\":true,\"valueName\":\"search_term_string\"}}],\"inLanguage\":\"nl-NL\"},{\"@type\":\"Organization\",\"@id\":\"https:\/\/www.falkenair.com\/#organization\",\"name\":\"Falken Air\",\"alternateName\":\"Falken Air Tandem Paragliding\",\"url\":\"https:\/\/www.falkenair.com\/\",\"logo\":{\"@type\":\"ImageObject\",\"inLanguage\":\"nl-NL\",\"@id\":\"https:\/\/www.falkenair.com\/#\/schema\/logo\/image\/\",\"url\":\"https:\/\/www.falkenair.com\/wp-content\/uploads\/2024\/09\/schriftzug-falkenair.svg\",\"contentUrl\":\"https:\/\/www.falkenair.com\/wp-content\/uploads\/2024\/09\/schriftzug-falkenair.svg\",\"width\":585.541,\"height\":91.215,\"caption\":\"Falken Air\"},\"image\":{\"@id\":\"https:\/\/www.falkenair.com\/#\/schema\/logo\/image\/\"},\"sameAs\":[\"https:\/\/www.facebook.com\/Falkenair\/\",\"https:\/\/www.youtube.com\/@falkenair675\",\"https:\/\/www.instagram.com\/falken_air\/\",\"https:\/\/www.tiktok.com\/@falkenair\"]}]}<\/script>\n<!-- \/ Yoast SEO plugin. -->","yoast_head_json":{"title":"Koop vouchers voor tandem-paragliding online - Falken Air","description":"Falken Air-vouchers \u2713 Voor paragliden \u2713 Voor ballonvaren \u2713 Geef onvergetelijke ervaringen cadeau \u00bb Koop nu online een voucher!","robots":{"index":"index","follow":"follow","max-snippet":"max-snippet:-1","max-image-preview":"max-image-preview:large","max-video-preview":"max-video-preview:-1"},"canonical":"https:\/\/www.falkenair.com\/nl\/bestelbon\/","og_locale":"nl_NL","og_type":"article","og_title":"Tandem Paragliding Gutscheine online kaufen - Falken Air","og_description":"Falken Air Gutscheine \u2713 F\u00fcr Paragliding \u2713 F\u00fcr Ballonfahren \u2713 Unvergessliche Erlebnisse verschenken \u00bb Jetzt Gutschein online kaufen!","og_url":"https:\/\/www.falkenair.com\/nl\/bestelbon\/","og_site_name":"Falken Air Tandem Paragliding","article_publisher":"https:\/\/www.facebook.com\/Falkenair\/","article_modified_time":"2025-12-27T08:46:17+00:00","twitter_card":"summary_large_image","twitter_misc":{"Geschatte leestijd":"2 minuten"},"schema":{"@context":"https:\/\/schema.org","@graph":[{"@type":"WebPage","@id":"https:\/\/www.falkenair.com\/gutschein-bestellen\/","url":"https:\/\/www.falkenair.com\/gutschein-bestellen\/","name":"Koop vouchers voor tandem-paragliding online - Falken Air","isPartOf":{"@id":"https:\/\/www.falkenair.com\/#website"},"datePublished":"2023-11-07T06:34:07+00:00","dateModified":"2025-12-27T08:46:17+00:00","description":"Falken Air-vouchers \u2713 Voor paragliden \u2713 Voor ballonvaren \u2713 Geef onvergetelijke ervaringen cadeau \u00bb Koop nu online een voucher!","breadcrumb":{"@id":"https:\/\/www.falkenair.com\/gutschein-bestellen\/#breadcrumb"},"inLanguage":"nl-NL","potentialAction":[{"@type":"ReadAction","target":["https:\/\/www.falkenair.com\/gutschein-bestellen\/"]}]},{"@type":"BreadcrumbList","@id":"https:\/\/www.falkenair.com\/gutschein-bestellen\/#breadcrumb","itemListElement":[{"@type":"ListItem","position":1,"name":"Falken Air","item":"https:\/\/www.falkenair.com\/"},{"@type":"ListItem","position":2,"name":"Gutschein"}]},{"@type":"WebSite","@id":"https:\/\/www.falkenair.com\/#website","url":"https:\/\/www.falkenair.com\/","name":"Falken Air","description":"","publisher":{"@id":"https:\/\/www.falkenair.com\/#organization"},"potentialAction":[{"@type":"SearchAction","target":{"@type":"EntryPoint","urlTemplate":"https:\/\/www.falkenair.com\/?s={search_term_string}"},"query-input":{"@type":"PropertyValueSpecification","valueRequired":true,"valueName":"search_term_string"}}],"inLanguage":"nl-NL"},{"@type":"Organization","@id":"https:\/\/www.falkenair.com\/#organization","name":"Falken Air","alternateName":"Falken Air Tandem Paragliding","url":"https:\/\/www.falkenair.com\/","logo":{"@type":"ImageObject","inLanguage":"nl-NL","@id":"https:\/\/www.falkenair.com\/#\/schema\/logo\/image\/","url":"https:\/\/www.falkenair.com\/wp-content\/uploads\/2024\/09\/schriftzug-falkenair.svg","contentUrl":"https:\/\/www.falkenair.com\/wp-content\/uploads\/2024\/09\/schriftzug-falkenair.svg","width":585.541,"height":91.215,"caption":"Falken Air"},"image":{"@id":"https:\/\/www.falkenair.com\/#\/schema\/logo\/image\/"},"sameAs":["https:\/\/www.facebook.com\/Falkenair\/","https:\/\/www.youtube.com\/@falkenair675","https:\/\/www.instagram.com\/falken_air\/","https:\/\/www.tiktok.com\/@falkenair"]}]}},"_links":{"self":[{"href":"https:\/\/www.falkenair.com\/nl\/wp-json\/wp\/v2\/pages\/25","targetHints":{"allow":["GET"]}}],"collection":[{"href":"https:\/\/www.falkenair.com\/nl\/wp-json\/wp\/v2\/pages"}],"about":[{"href":"https:\/\/www.falkenair.com\/nl\/wp-json\/wp\/v2\/types\/page"}],"author":[{"embeddable":true,"href":"https:\/\/www.falkenair.com\/nl\/wp-json\/wp\/v2\/users\/1"}],"replies":[{"embeddable":true,"href":"https:\/\/www.falkenair.com\/nl\/wp-json\/wp\/v2\/comments?post=25"}],"version-history":[{"count":5,"href":"https:\/\/www.falkenair.com\/nl\/wp-json\/wp\/v2\/pages\/25\/revisions"}],"predecessor-version":[{"id":9032,"href":"https:\/\/www.falkenair.com\/nl\/wp-json\/wp\/v2\/pages\/25\/revisions\/9032"}],"wp:attachment":[{"href":"https:\/\/www.falkenair.com\/nl\/wp-json\/wp\/v2\/media?parent=25"}],"curies":[{"name":"wp","href":"https:\/\/api.w.org\/{rel}","templated":true}]}}