{"id":6,"date":"2023-11-07T07:26:13","date_gmt":"2023-11-07T06:26:13","guid":{"rendered":"https:\/\/www.falkenair.com\/?page_id=6"},"modified":"2025-10-02T14:04:35","modified_gmt":"2025-10-02T12:04:35","slug":"impressum","status":"publish","type":"page","link":"https:\/\/www.falkenair.com\/nl\/afdruk\/","title":{"rendered":"afdruk"},"content":{"rendered":"<div data-elementor-type=\"wp-page\" data-elementor-id=\"6\" class=\"elementor elementor-6\" data-elementor-post-type=\"page\">\n\t\t\t\t<div class=\"elementor-element elementor-element-69cde8c7 e-con-full e-flex e-con e-parent\" data-id=\"69cde8c7\" data-element_type=\"container\" data-settings=\"{&quot;background_background&quot;:&quot;classic&quot;}\">\n\t\t\t\t<div class=\"elementor-element elementor-element-6bb13a3d elementor-align-left elementor-widget elementor-widget-breadcrumbs\" data-id=\"6bb13a3d\" data-element_type=\"widget\" data-widget_type=\"breadcrumbs.default\">\n\t\t\t\t\t<p id=\"breadcrumbs\"><span><span><a href=\"https:\/\/www.falkenair.com\/nl\/\">Falken Air<\/a><\/span><\/span><\/p>\t\t\t\t<\/div>\n\t\t\t\t<\/div>\n\t\t<div class=\"elementor-element elementor-element-447bd6a0 e-flex e-con-boxed e-con e-parent\" data-id=\"447bd6a0\" data-element_type=\"container\">\n\t\t\t\t\t<div class=\"e-con-inner\">\n\t\t\t\t<div class=\"elementor-element elementor-element-33b7f1ee elementor-widget elementor-widget-heading\" data-id=\"33b7f1ee\" data-element_type=\"widget\" data-widget_type=\"heading.default\">\n\t\t\t\t\t<h1 class=\"elementor-heading-title elementor-size-default\">afdruk<\/h1>\t\t\t\t<\/div>\n\t\t\t\t\t<\/div>\n\t\t\t\t<\/div>\n\t\t<div class=\"elementor-element elementor-element-8aaf7d6 e-flex e-con-boxed e-con e-parent\" data-id=\"8aaf7d6\" data-element_type=\"container\">\n\t\t\t\t\t<div class=\"e-con-inner\">\n\t\t\t\t<div class=\"elementor-element elementor-element-6637406 elementor-widget elementor-widget-text-editor\" data-id=\"6637406\" data-element_type=\"widget\" data-widget_type=\"text-editor.default\">\n\t\t\t\t\t\t\t\t\t<h2>Contact<\/h2><p>Falken Air GmbH<br \/>Mag. Josef Nindl<br \/>Nikolaus-Gassner-Str. 79<br \/>5710 Kaprun<\/p><p>Telefoon: +43 664 441 44 43<br \/>E-mail: <a href=\"mailto:info@falkenair.com\"><strong>info@falkenair.com<\/strong><\/a><\/p><h2><strong>Bankgegevens:<\/strong><\/h2><p>Ontvanger: Falken Air GmbH<br \/>Iban: AT14 3501 2000 0124 4219<br \/>Bic: RVSAAT2S012<br \/>Bij bankoverschrijvingen dient u het ordernummer te vermelden.<\/p><h2>Legaal<\/h2><p>Autoriteit volgens ECG: Districtsautoriteit Zell am See<\/p><p>Doel van het bedrijf: Het vervoeren van mensen en spullen met paragliders<br \/>Autoriteit volgens ECG (E-Commerce Law): Districtsautoriteit Zell am See<br \/><a href=\"https:\/\/firmen.wko.at\/mag-rer-soc-oec-josef-johann-nindl-falken-air-tandem-paragliding-zell-am-see\/salzburg\/?firmaid=789a75c4-4f8f-425d-9f70-6863dc9846f2\" target=\"_blank\" rel=\"noopener\"><strong>Bedrijfsinformatie WKO<\/strong><\/a><\/p><h2>Juridische informatie over aansprakelijkheid<\/h2><p>Wij streven ernaar dat de informatie op deze website juist en actueel is. Toch kunnen fouten en onduidelijkheden niet worden uitgesloten. Wij aanvaarden dan ook geen aansprakelijkheid voor de actualiteit, juistheid, volledigheid of kwaliteit van de verstrekte informatie en prijzen. Alle prijzen in Euro<\/p><p>Wij hebben geen invloed op \u201cexterne inhoud\u201d en nemen deze inhoud niet over als de onze. Wij hebben geen kennis van illegale of aanstootgevende inhoud op de gelinkte sites van externe aanbieders. Als de gelinkte pagina&#039;s van externe aanbieders illegale of aanstootgevende inhoud bevatten, distanti\u00ebren wij ons uitdrukkelijk van deze inhoud.<\/p><h2>Juridische informatie over auteursrecht<\/h2><p>De lay-out van de homepage, de gebruikte graphics en de inhoud zijn auteursrechtelijk beschermd.<\/p><h2>Beeldspraak<\/h2><p>Josef Nindl<\/p>\t\t\t\t\t\t\t\t<\/div>\n\t\t\t\t\t<\/div>\n\t\t\t\t<\/div>\n\t\t\t\t<\/div>","protected":false},"excerpt":{"rendered":"<p>Impressum Kontakt Falken Air GmbHMag. Josef NindlNikolaus-Gassner-Str. 795710 Kaprun Telefon: +43 664 441 44 43E-Mail: info@falkenair.com Bankverbindung: Empf\u00e4nger: Falken Air GmbHIban: AT14 3501 2000 0124 4219Bic: RVSAAT2S012Bei \u00dcberweisungen bitte die Bestellnummer angeben. Rechtliches Beh\u00f6rde gem. ECG: Bezirkshauptmannschaft Zell am See Unternehmensgegenstand: Bef\u00f6rderung von Personen und Sachen mit ParagleiternBeh\u00f6rde gem. ECG (E-Commerce Gesetz): Bezirkshauptmannschaft Zell am [&hellip;]<\/p>","protected":false},"author":1,"featured_media":0,"parent":0,"menu_order":30,"comment_status":"closed","ping_status":"closed","template":"","meta":{"footnotes":""},"class_list":["post-6","page","type-page","status-publish","hentry"],"yoast_head":"<!-- This site is optimized with the Yoast SEO plugin v26.1.1 - https:\/\/yoast.com\/wordpress\/plugins\/seo\/ -->\n<title>Impressum - Falken Air Tandem Paragliding<\/title>\n<meta name=\"robots\" content=\"index, follow, max-snippet:-1, max-image-preview:large, max-video-preview:-1\" \/>\n<link rel=\"canonical\" href=\"https:\/\/www.falkenair.com\/nl\/afdruk\/\" \/>\n<meta property=\"og:locale\" content=\"nl_NL\" \/>\n<meta property=\"og:type\" content=\"article\" \/>\n<meta property=\"og:title\" content=\"Impressum - Falken Air Tandem Paragliding\" \/>\n<meta property=\"og:description\" content=\"Impressum Kontakt Falken Air GmbHMag. Josef NindlNikolaus-Gassner-Str. 795710 Kaprun Telefon: +43 664 441 44 43E-Mail: info@falkenair.com Bankverbindung: Empf\u00e4nger: Falken Air GmbHIban: AT14 3501 2000 0124 4219Bic: RVSAAT2S012Bei \u00dcberweisungen bitte die Bestellnummer angeben. Rechtliches Beh\u00f6rde gem. ECG: Bezirkshauptmannschaft Zell am See Unternehmensgegenstand: Bef\u00f6rderung von Personen und Sachen mit ParagleiternBeh\u00f6rde gem. ECG (E-Commerce Gesetz): Bezirkshauptmannschaft Zell am [&hellip;]\" \/>\n<meta property=\"og:url\" content=\"https:\/\/www.falkenair.com\/nl\/afdruk\/\" \/>\n<meta property=\"og:site_name\" content=\"Falken Air Tandem Paragliding\" \/>\n<meta property=\"article:publisher\" content=\"https:\/\/www.facebook.com\/Falkenair\/\" \/>\n<meta property=\"article:modified_time\" content=\"2025-10-02T12:04:35+00:00\" \/>\n<meta name=\"twitter:card\" content=\"summary_large_image\" \/>\n<meta name=\"twitter:label1\" content=\"Geschatte leestijd\" \/>\n\t<meta name=\"twitter:data1\" content=\"2 minuten\" \/>\n<script type=\"application\/ld+json\" class=\"yoast-schema-graph\">{\"@context\":\"https:\/\/schema.org\",\"@graph\":[{\"@type\":\"WebPage\",\"@id\":\"https:\/\/www.falkenair.com\/impressum\/\",\"url\":\"https:\/\/www.falkenair.com\/impressum\/\",\"name\":\"Impressum - Falken Air Tandem Paragliding\",\"isPartOf\":{\"@id\":\"https:\/\/www.falkenair.com\/#website\"},\"datePublished\":\"2023-11-07T06:26:13+00:00\",\"dateModified\":\"2025-10-02T12:04:35+00:00\",\"breadcrumb\":{\"@id\":\"https:\/\/www.falkenair.com\/impressum\/#breadcrumb\"},\"inLanguage\":\"nl-NL\",\"potentialAction\":[{\"@type\":\"ReadAction\",\"target\":[\"https:\/\/www.falkenair.com\/impressum\/\"]}]},{\"@type\":\"BreadcrumbList\",\"@id\":\"https:\/\/www.falkenair.com\/impressum\/#breadcrumb\",\"itemListElement\":[{\"@type\":\"ListItem\",\"position\":1,\"name\":\"Falken Air\",\"item\":\"https:\/\/www.falkenair.com\/\"},{\"@type\":\"ListItem\",\"position\":2,\"name\":\"Impressum\"}]},{\"@type\":\"WebSite\",\"@id\":\"https:\/\/www.falkenair.com\/#website\",\"url\":\"https:\/\/www.falkenair.com\/\",\"name\":\"Falken Air\",\"description\":\"\",\"publisher\":{\"@id\":\"https:\/\/www.falkenair.com\/#organization\"},\"potentialAction\":[{\"@type\":\"SearchAction\",\"target\":{\"@type\":\"EntryPoint\",\"urlTemplate\":\"https:\/\/www.falkenair.com\/?s={search_term_string}\"},\"query-input\":{\"@type\":\"PropertyValueSpecification\",\"valueRequired\":true,\"valueName\":\"search_term_string\"}}],\"inLanguage\":\"nl-NL\"},{\"@type\":\"Organization\",\"@id\":\"https:\/\/www.falkenair.com\/#organization\",\"name\":\"Falken Air\",\"alternateName\":\"Falken Air Tandem Paragliding\",\"url\":\"https:\/\/www.falkenair.com\/\",\"logo\":{\"@type\":\"ImageObject\",\"inLanguage\":\"nl-NL\",\"@id\":\"https:\/\/www.falkenair.com\/#\/schema\/logo\/image\/\",\"url\":\"https:\/\/www.falkenair.com\/wp-content\/uploads\/2024\/09\/schriftzug-falkenair.svg\",\"contentUrl\":\"https:\/\/www.falkenair.com\/wp-content\/uploads\/2024\/09\/schriftzug-falkenair.svg\",\"width\":585.541,\"height\":91.215,\"caption\":\"Falken Air\"},\"image\":{\"@id\":\"https:\/\/www.falkenair.com\/#\/schema\/logo\/image\/\"},\"sameAs\":[\"https:\/\/www.facebook.com\/Falkenair\/\",\"https:\/\/www.youtube.com\/@falkenair675\",\"https:\/\/www.instagram.com\/falken_air\/\",\"https:\/\/www.tiktok.com\/@falkenair\"]}]}<\/script>\n<!-- \/ Yoast SEO plugin. -->","yoast_head_json":{"title":"Impressum - Falken Air Tandem-paragliding","robots":{"index":"index","follow":"follow","max-snippet":"max-snippet:-1","max-image-preview":"max-image-preview:large","max-video-preview":"max-video-preview:-1"},"canonical":"https:\/\/www.falkenair.com\/nl\/afdruk\/","og_locale":"nl_NL","og_type":"article","og_title":"Impressum - Falken Air Tandem Paragliding","og_description":"Impressum Kontakt Falken Air GmbHMag. Josef NindlNikolaus-Gassner-Str. 795710 Kaprun Telefon: +43 664 441 44 43E-Mail: info@falkenair.com Bankverbindung: Empf\u00e4nger: Falken Air GmbHIban: AT14 3501 2000 0124 4219Bic: RVSAAT2S012Bei \u00dcberweisungen bitte die Bestellnummer angeben. Rechtliches Beh\u00f6rde gem. ECG: Bezirkshauptmannschaft Zell am See Unternehmensgegenstand: Bef\u00f6rderung von Personen und Sachen mit ParagleiternBeh\u00f6rde gem. ECG (E-Commerce Gesetz): Bezirkshauptmannschaft Zell am [&hellip;]","og_url":"https:\/\/www.falkenair.com\/nl\/afdruk\/","og_site_name":"Falken Air Tandem Paragliding","article_publisher":"https:\/\/www.facebook.com\/Falkenair\/","article_modified_time":"2025-10-02T12:04:35+00:00","twitter_card":"summary_large_image","twitter_misc":{"Geschatte leestijd":"2 minuten"},"schema":{"@context":"https:\/\/schema.org","@graph":[{"@type":"WebPage","@id":"https:\/\/www.falkenair.com\/impressum\/","url":"https:\/\/www.falkenair.com\/impressum\/","name":"Impressum - Falken Air Tandem-paragliding","isPartOf":{"@id":"https:\/\/www.falkenair.com\/#website"},"datePublished":"2023-11-07T06:26:13+00:00","dateModified":"2025-10-02T12:04:35+00:00","breadcrumb":{"@id":"https:\/\/www.falkenair.com\/impressum\/#breadcrumb"},"inLanguage":"nl-NL","potentialAction":[{"@type":"ReadAction","target":["https:\/\/www.falkenair.com\/impressum\/"]}]},{"@type":"BreadcrumbList","@id":"https:\/\/www.falkenair.com\/impressum\/#breadcrumb","itemListElement":[{"@type":"ListItem","position":1,"name":"Falken Air","item":"https:\/\/www.falkenair.com\/"},{"@type":"ListItem","position":2,"name":"Impressum"}]},{"@type":"WebSite","@id":"https:\/\/www.falkenair.com\/#website","url":"https:\/\/www.falkenair.com\/","name":"Falken Air","description":"","publisher":{"@id":"https:\/\/www.falkenair.com\/#organization"},"potentialAction":[{"@type":"SearchAction","target":{"@type":"EntryPoint","urlTemplate":"https:\/\/www.falkenair.com\/?s={search_term_string}"},"query-input":{"@type":"PropertyValueSpecification","valueRequired":true,"valueName":"search_term_string"}}],"inLanguage":"nl-NL"},{"@type":"Organization","@id":"https:\/\/www.falkenair.com\/#organization","name":"Falken Air","alternateName":"Falken Air Tandem Paragliding","url":"https:\/\/www.falkenair.com\/","logo":{"@type":"ImageObject","inLanguage":"nl-NL","@id":"https:\/\/www.falkenair.com\/#\/schema\/logo\/image\/","url":"https:\/\/www.falkenair.com\/wp-content\/uploads\/2024\/09\/schriftzug-falkenair.svg","contentUrl":"https:\/\/www.falkenair.com\/wp-content\/uploads\/2024\/09\/schriftzug-falkenair.svg","width":585.541,"height":91.215,"caption":"Falken Air"},"image":{"@id":"https:\/\/www.falkenair.com\/#\/schema\/logo\/image\/"},"sameAs":["https:\/\/www.facebook.com\/Falkenair\/","https:\/\/www.youtube.com\/@falkenair675","https:\/\/www.instagram.com\/falken_air\/","https:\/\/www.tiktok.com\/@falkenair"]}]}},"_links":{"self":[{"href":"https:\/\/www.falkenair.com\/nl\/wp-json\/wp\/v2\/pages\/6","targetHints":{"allow":["GET"]}}],"collection":[{"href":"https:\/\/www.falkenair.com\/nl\/wp-json\/wp\/v2\/pages"}],"about":[{"href":"https:\/\/www.falkenair.com\/nl\/wp-json\/wp\/v2\/types\/page"}],"author":[{"embeddable":true,"href":"https:\/\/www.falkenair.com\/nl\/wp-json\/wp\/v2\/users\/1"}],"replies":[{"embeddable":true,"href":"https:\/\/www.falkenair.com\/nl\/wp-json\/wp\/v2\/comments?post=6"}],"version-history":[{"count":14,"href":"https:\/\/www.falkenair.com\/nl\/wp-json\/wp\/v2\/pages\/6\/revisions"}],"predecessor-version":[{"id":8225,"href":"https:\/\/www.falkenair.com\/nl\/wp-json\/wp\/v2\/pages\/6\/revisions\/8225"}],"wp:attachment":[{"href":"https:\/\/www.falkenair.com\/nl\/wp-json\/wp\/v2\/media?parent=6"}],"curies":[{"name":"wp","href":"https:\/\/api.w.org\/{rel}","templated":true}]}}